{"id":2179,"date":"2024-05-30T15:14:06","date_gmt":"2024-05-30T13:14:06","guid":{"rendered":"http:\/\/fittexport.com\/politique-de-confidentialite\/"},"modified":"2024-07-17T09:25:31","modified_gmt":"2024-07-17T07:25:31","slug":"politique-de-confidentialite","status":"publish","type":"page","link":"https:\/\/fittexport.com\/fr\/politique-de-confidentialite\/","title":{"rendered":"Politique de confidentialit\u00e9"},"content":{"rendered":"<div class=\"fusion-fullwidth fullwidth-box fusion-builder-row-1 fusion-flex-container has-pattern-background has-mask-background nonhundred-percent-fullwidth non-hundred-percent-height-scrolling\" style=\"--awb-border-radius-top-left:0px;--awb-border-radius-top-right:0px;--awb-border-radius-bottom-right:0px;--awb-border-radius-bottom-left:0px;--awb-padding-top:50px;--awb-padding-right:150px;--awb-padding-bottom:150px;--awb-padding-left:150px;--awb-padding-right-medium:25px;--awb-padding-left-medium:25px;--awb-padding-right-small:15px;--awb-padding-left-small:15px;--awb-flex-wrap:wrap;\" ><div class=\"fusion-builder-row fusion-row fusion-flex-align-items-flex-start fusion-flex-content-wrap\" style=\"max-width:104%;margin-left: calc(-4% \/ 2 );margin-right: calc(-4% \/ 2 );\"><div class=\"fusion-layout-column fusion_builder_column fusion-builder-column-0 fusion_builder_column_1_1 1_1 fusion-flex-column\" style=\"--awb-bg-size:cover;--awb-width-large:100%;--awb-margin-top-large:0px;--awb-spacing-right-large:1.92%;--awb-margin-bottom-large:20px;--awb-spacing-left-large:1.92%;--awb-width-medium:100%;--awb-order-medium:0;--awb-spacing-right-medium:1.92%;--awb-spacing-left-medium:1.92%;--awb-width-small:100%;--awb-order-small:0;--awb-spacing-right-small:1.92%;--awb-spacing-left-small:1.92%;\"><div class=\"fusion-column-wrapper fusion-column-has-shadow fusion-flex-justify-content-flex-start fusion-content-layout-column\"><div class=\"fusion-text fusion-text-1\"><h1>Politique de confidentialit\u00e9<\/h1>\n<h4>Qui sommes nous<\/h4>\n<p>L&rsquo;adresse de notre site Web est : http:\/\/fittexport.com\/<\/p>\n<h4>Commentaires<\/h4>\n<p>Lorsque les visiteurs laissent des commentaires sur le site, nous collectons les donn\u00e9es affich\u00e9es dans le formulaire de commentaires, ainsi que l&rsquo;adresse IP du visiteur et la cha\u00eene de l&rsquo;agent utilisateur du navigateur pour faciliter la d\u00e9tection du spam.<\/p>\n<p>Une cha\u00eene anonymis\u00e9e cr\u00e9\u00e9e \u00e0 partir de votre adresse e-mail (\u00e9galement appel\u00e9e hachage) peut \u00eatre fournie au service Gravatar pour voir si vous l&rsquo;utilisez. La politique de confidentialit\u00e9 du service Gravatar est disponible ici : https:\/\/automattic.com\/privacy\/. Apr\u00e8s approbation de votre commentaire, votre image de profil est visible au public dans le cadre de votre commentaire.<\/p>\n<h4>M\u00e9dias<\/h4>\n<p>Si vous t\u00e9l\u00e9chargez des images sur le site Web, vous devez \u00e9viter de t\u00e9l\u00e9charger des images contenant des donn\u00e9es de localisation (EXIF GPS). Les visiteurs du site Web peuvent t\u00e9l\u00e9charger et extraire toutes les donn\u00e9es de localisation des images du site Web.<\/p>\n<h4>Cookies<\/h4>\n<p>Si vous laissez un commentaire sur notre site, vous pouvez choisir d&rsquo;enregistrer votre nom, votre email et votre adresse de site Web dans des cookies. Ceci est pour votre commodit\u00e9 afin que vous n&rsquo;ayez pas \u00e0 remplir \u00e0 nouveau vos coordonn\u00e9es lorsque vous laissez un autre commentaire. Ces cookies dureront un an.<\/p>\n<p>Si vous avez un compte et que vous vous connectez \u00e0 ce site, nous d\u00e9finirons un cookie temporaire pour d\u00e9terminer si votre navigateur accepte les cookies. Ce cookie ne contient pas de donn\u00e9es personnelles et est supprim\u00e9 lorsque vous fermez le navigateur.<\/p>\n<p>Lorsque vous vous connectez, nous d\u00e9finirons \u00e9galement plusieurs cookies pour enregistrer vos informations de connexion et vos choix d&rsquo;affichage \u00e0 l&rsquo;\u00e9cran. Les cookies d\u2019acc\u00e8s durent deux jours et les cookies d\u2019options d\u2019\u00e9cran durent un an. Si vous s\u00e9lectionnez \u00ab Se souvenir de moi \u00bb, votre acc\u00e8s durera deux semaines. Si vous vous d\u00e9connectez de votre compte, les cookies de connexion seront supprim\u00e9s.<\/p>\n<p>Si vous modifiez ou publiez un article, un cookie suppl\u00e9mentaire sera enregistr\u00e9 dans votre navigateur. Ce cookie n&rsquo;inclut pas de donn\u00e9es personnelles et indique simplement l&rsquo;identifiant de l&rsquo;article que vous venez de modifier. Expire apr\u00e8s 1 jour.<\/p>\n<p>Vous pouvez consulter plus d&rsquo;informations sur les cookies ici : http:\/\/fittexport.com\/fr\/politique-de-cookies\/<\/p>\n<h4>Contenu int\u00e9gr\u00e9 provenant d&rsquo;autres sites Web<\/h4>\n<p>Les articles de ce site peuvent inclure du contenu int\u00e9gr\u00e9 (par exemple des vid\u00e9os, des images, des articles, etc.). Le contenu int\u00e9gr\u00e9 provenant d&rsquo;autres sites Web se comporte exactement de la m\u00eame mani\u00e8re que si le visiteur avait visit\u00e9 l&rsquo;autre site Web.<\/p>\n<p>Ces sites Web peuvent collecter des donn\u00e9es sur vous, utiliser des cookies, int\u00e9grer un suivi tiers suppl\u00e9mentaire et surveiller votre interaction avec ce contenu int\u00e9gr\u00e9, y compris le suivi de votre interaction avec le contenu int\u00e9gr\u00e9 si vous disposez d&rsquo;un compte et \u00eates connect\u00e9 \u00e0 ce site Web.<\/p>\n<h4>Avec qui partageons-nous vos donn\u00e9es ?<\/h4>\n<p>Si vous demandez une r\u00e9initialisation de mot de passe, votre adresse IP sera incluse dans l&rsquo;e-mail de r\u00e9initialisation.<\/p>\n<h4>Combien de temps conservons-nous vos donn\u00e9es<\/h4>\n<p>Si vous laissez un commentaire, le commentaire et ses m\u00e9tadonn\u00e9es sont conserv\u00e9s ind\u00e9finiment. Cela nous permet de reconna\u00eetre et d&rsquo;approuver automatiquement les commentaires ult\u00e9rieurs, plut\u00f4t que de les conserver dans une file d&rsquo;attente de mod\u00e9ration.<\/p>\n<p>Pour les utilisateurs qui s&rsquo;inscrivent sur notre site Web (le cas \u00e9ch\u00e9ant), nous stockons \u00e9galement les informations personnelles qu&rsquo;ils fournissent dans leur profil d&rsquo;utilisateur. Tous les utilisateurs peuvent consulter, modifier ou supprimer leurs informations personnelles \u00e0 tout moment (sauf s&rsquo;ils ne peuvent pas modifier leur nom d&rsquo;utilisateur). Les administrateurs Web peuvent \u00e9galement afficher et modifier ces informations.<\/p>\n<h4>Quels droits avez-vous sur vos donn\u00e9es<\/h4>\n<p>Si vous disposez d&rsquo;un compte ou avez laiss\u00e9 des commentaires sur ce site Internet, vous pouvez demander \u00e0 recevoir un fichier d&rsquo;exportation des donn\u00e9es personnelles que nous d\u00e9tenons \u00e0 votre sujet, y compris celles que vous nous avez fournies. Vous pouvez \u00e9galement demander que nous supprimions toutes les donn\u00e9es personnelles que nous d\u00e9tenons \u00e0 votre sujet. Cela n&rsquo;inclut pas les donn\u00e9es que nous sommes tenus de conserver \u00e0 des fins administratives, juridiques ou de s\u00e9curit\u00e9.<\/p>\n<h4>O\u00f9 sont envoy\u00e9es vos donn\u00e9es ?<\/h4>\n<p>Les commentaires des visiteurs peuvent \u00eatre examin\u00e9s par un service de d\u00e9tection automatique du spam.<\/p>\n<\/div><\/div><\/div><\/div><\/div>\n","protected":false},"excerpt":{"rendered":"","protected":false},"author":1,"featured_media":0,"parent":0,"menu_order":0,"comment_status":"closed","ping_status":"closed","template":"","meta":{"footnotes":""},"class_list":["post-2179","page","type-page","status-publish","hentry"],"yoast_head":"<!-- This site is optimized with the Yoast SEO plugin v26.6 - https:\/\/yoast.com\/wordpress\/plugins\/seo\/ -->\n<title>Politique de confidentialit\u00e9 - Fittexport<\/title>\n<meta name=\"robots\" content=\"index, follow, max-snippet:-1, max-image-preview:large, max-video-preview:-1\" \/>\n<link rel=\"canonical\" href=\"https:\/\/fittexport.com\/fr\/politique-de-confidentialite\/\" \/>\n<meta property=\"og:locale\" content=\"fr_FR\" \/>\n<meta property=\"og:type\" content=\"article\" \/>\n<meta property=\"og:title\" content=\"Politique de confidentialit\u00e9 - Fittexport\" \/>\n<meta property=\"og:url\" content=\"https:\/\/fittexport.com\/fr\/politique-de-confidentialite\/\" \/>\n<meta property=\"og:site_name\" content=\"Fittexport\" \/>\n<meta property=\"article:publisher\" content=\"https:\/\/www.facebook.com\/fittexport\" \/>\n<meta property=\"article:modified_time\" content=\"2024-07-17T07:25:31+00:00\" \/>\n<meta property=\"og:image\" content=\"https:\/\/fittexport.com\/wp-content\/uploads\/2024\/05\/fittexport.png\" \/>\n\t<meta property=\"og:image:width\" content=\"597\" \/>\n\t<meta property=\"og:image:height\" content=\"182\" \/>\n\t<meta property=\"og:image:type\" content=\"image\/png\" \/>\n<meta name=\"twitter:card\" content=\"summary_large_image\" \/>\n<meta name=\"twitter:site\" content=\"@fittexport\" \/>\n<meta name=\"twitter:label1\" content=\"Dur\u00e9e de lecture estim\u00e9e\" \/>\n\t<meta name=\"twitter:data1\" content=\"9 minutes\" \/>\n<script type=\"application\/ld+json\" class=\"yoast-schema-graph\">{\"@context\":\"https:\/\/schema.org\",\"@graph\":[{\"@type\":\"WebPage\",\"@id\":\"https:\/\/fittexport.com\/fr\/politique-de-confidentialite\/\",\"url\":\"https:\/\/fittexport.com\/fr\/politique-de-confidentialite\/\",\"name\":\"Politique de confidentialit\u00e9 - Fittexport\",\"isPartOf\":{\"@id\":\"https:\/\/fittexport.com\/fr\/#website\"},\"datePublished\":\"2024-05-30T13:14:06+00:00\",\"dateModified\":\"2024-07-17T07:25:31+00:00\",\"breadcrumb\":{\"@id\":\"https:\/\/fittexport.com\/fr\/politique-de-confidentialite\/#breadcrumb\"},\"inLanguage\":\"fr-FR\",\"potentialAction\":[{\"@type\":\"ReadAction\",\"target\":[\"https:\/\/fittexport.com\/fr\/politique-de-confidentialite\/\"]}]},{\"@type\":\"BreadcrumbList\",\"@id\":\"https:\/\/fittexport.com\/fr\/politique-de-confidentialite\/#breadcrumb\",\"itemListElement\":[{\"@type\":\"ListItem\",\"position\":1,\"name\":\"Portada\",\"item\":\"https:\/\/fittexport.com\/fr\/\"},{\"@type\":\"ListItem\",\"position\":2,\"name\":\"Politique de confidentialit\u00e9\"}]},{\"@type\":\"WebSite\",\"@id\":\"https:\/\/fittexport.com\/fr\/#website\",\"url\":\"https:\/\/fittexport.com\/fr\/\",\"name\":\"Fittexport\",\"description\":\"Fabricando conexiones de acero desde 1982\",\"publisher\":{\"@id\":\"https:\/\/fittexport.com\/fr\/#organization\"},\"alternateName\":\"Fittexport: fabricaci\u00f3n de conexiones de acero inoxidable\",\"potentialAction\":[{\"@type\":\"SearchAction\",\"target\":{\"@type\":\"EntryPoint\",\"urlTemplate\":\"https:\/\/fittexport.com\/fr\/?s={search_term_string}\"},\"query-input\":{\"@type\":\"PropertyValueSpecification\",\"valueRequired\":true,\"valueName\":\"search_term_string\"}}],\"inLanguage\":\"fr-FR\"},{\"@type\":\"Organization\",\"@id\":\"https:\/\/fittexport.com\/fr\/#organization\",\"name\":\"Fittexport\",\"alternateName\":\"Fittexport\",\"url\":\"https:\/\/fittexport.com\/fr\/\",\"logo\":{\"@type\":\"ImageObject\",\"inLanguage\":\"fr-FR\",\"@id\":\"https:\/\/fittexport.com\/fr\/#\/schema\/logo\/image\/\",\"url\":\"https:\/\/fittexport.com\/wp-content\/uploads\/2024\/05\/fittexport.png\",\"contentUrl\":\"https:\/\/fittexport.com\/wp-content\/uploads\/2024\/05\/fittexport.png\",\"width\":597,\"height\":182,\"caption\":\"Fittexport\"},\"image\":{\"@id\":\"https:\/\/fittexport.com\/fr\/#\/schema\/logo\/image\/\"},\"sameAs\":[\"https:\/\/www.facebook.com\/fittexport\",\"https:\/\/x.com\/fittexport\",\"https:\/\/www.instagram.com\/fittexport\",\"https:\/\/es.linkedin.com\/company\/fittexport-sa\"]}]}<\/script>\n<!-- \/ Yoast SEO plugin. -->","yoast_head_json":{"title":"Politique de confidentialit\u00e9 - Fittexport","robots":{"index":"index","follow":"follow","max-snippet":"max-snippet:-1","max-image-preview":"max-image-preview:large","max-video-preview":"max-video-preview:-1"},"canonical":"https:\/\/fittexport.com\/fr\/politique-de-confidentialite\/","og_locale":"fr_FR","og_type":"article","og_title":"Politique de confidentialit\u00e9 - Fittexport","og_url":"https:\/\/fittexport.com\/fr\/politique-de-confidentialite\/","og_site_name":"Fittexport","article_publisher":"https:\/\/www.facebook.com\/fittexport","article_modified_time":"2024-07-17T07:25:31+00:00","og_image":[{"width":597,"height":182,"url":"https:\/\/fittexport.com\/wp-content\/uploads\/2024\/05\/fittexport.png","type":"image\/png"}],"twitter_card":"summary_large_image","twitter_site":"@fittexport","twitter_misc":{"Dur\u00e9e de lecture estim\u00e9e":"9 minutes"},"schema":{"@context":"https:\/\/schema.org","@graph":[{"@type":"WebPage","@id":"https:\/\/fittexport.com\/fr\/politique-de-confidentialite\/","url":"https:\/\/fittexport.com\/fr\/politique-de-confidentialite\/","name":"Politique de confidentialit\u00e9 - Fittexport","isPartOf":{"@id":"https:\/\/fittexport.com\/fr\/#website"},"datePublished":"2024-05-30T13:14:06+00:00","dateModified":"2024-07-17T07:25:31+00:00","breadcrumb":{"@id":"https:\/\/fittexport.com\/fr\/politique-de-confidentialite\/#breadcrumb"},"inLanguage":"fr-FR","potentialAction":[{"@type":"ReadAction","target":["https:\/\/fittexport.com\/fr\/politique-de-confidentialite\/"]}]},{"@type":"BreadcrumbList","@id":"https:\/\/fittexport.com\/fr\/politique-de-confidentialite\/#breadcrumb","itemListElement":[{"@type":"ListItem","position":1,"name":"Portada","item":"https:\/\/fittexport.com\/fr\/"},{"@type":"ListItem","position":2,"name":"Politique de confidentialit\u00e9"}]},{"@type":"WebSite","@id":"https:\/\/fittexport.com\/fr\/#website","url":"https:\/\/fittexport.com\/fr\/","name":"Fittexport","description":"Fabricando conexiones de acero desde 1982","publisher":{"@id":"https:\/\/fittexport.com\/fr\/#organization"},"alternateName":"Fittexport: fabricaci\u00f3n de conexiones de acero inoxidable","potentialAction":[{"@type":"SearchAction","target":{"@type":"EntryPoint","urlTemplate":"https:\/\/fittexport.com\/fr\/?s={search_term_string}"},"query-input":{"@type":"PropertyValueSpecification","valueRequired":true,"valueName":"search_term_string"}}],"inLanguage":"fr-FR"},{"@type":"Organization","@id":"https:\/\/fittexport.com\/fr\/#organization","name":"Fittexport","alternateName":"Fittexport","url":"https:\/\/fittexport.com\/fr\/","logo":{"@type":"ImageObject","inLanguage":"fr-FR","@id":"https:\/\/fittexport.com\/fr\/#\/schema\/logo\/image\/","url":"https:\/\/fittexport.com\/wp-content\/uploads\/2024\/05\/fittexport.png","contentUrl":"https:\/\/fittexport.com\/wp-content\/uploads\/2024\/05\/fittexport.png","width":597,"height":182,"caption":"Fittexport"},"image":{"@id":"https:\/\/fittexport.com\/fr\/#\/schema\/logo\/image\/"},"sameAs":["https:\/\/www.facebook.com\/fittexport","https:\/\/x.com\/fittexport","https:\/\/www.instagram.com\/fittexport","https:\/\/es.linkedin.com\/company\/fittexport-sa"]}]}},"_links":{"self":[{"href":"https:\/\/fittexport.com\/fr\/wp-json\/wp\/v2\/pages\/2179","targetHints":{"allow":["GET"]}}],"collection":[{"href":"https:\/\/fittexport.com\/fr\/wp-json\/wp\/v2\/pages"}],"about":[{"href":"https:\/\/fittexport.com\/fr\/wp-json\/wp\/v2\/types\/page"}],"author":[{"embeddable":true,"href":"https:\/\/fittexport.com\/fr\/wp-json\/wp\/v2\/users\/1"}],"replies":[{"embeddable":true,"href":"https:\/\/fittexport.com\/fr\/wp-json\/wp\/v2\/comments?post=2179"}],"version-history":[{"count":2,"href":"https:\/\/fittexport.com\/fr\/wp-json\/wp\/v2\/pages\/2179\/revisions"}],"predecessor-version":[{"id":2181,"href":"https:\/\/fittexport.com\/fr\/wp-json\/wp\/v2\/pages\/2179\/revisions\/2181"}],"wp:attachment":[{"href":"https:\/\/fittexport.com\/fr\/wp-json\/wp\/v2\/media?parent=2179"}],"curies":[{"name":"wp","href":"https:\/\/api.w.org\/{rel}","templated":true}]}}