{"id":2169,"date":"2024-05-30T15:14:21","date_gmt":"2024-05-30T13:14:21","guid":{"rendered":"http:\/\/fittexport.com\/politique-de-cookies\/"},"modified":"2024-07-17T09:02:58","modified_gmt":"2024-07-17T07:02:58","slug":"politique-de-cookies","status":"publish","type":"page","link":"https:\/\/fittexport.com\/fr\/politique-de-cookies\/","title":{"rendered":"Politique de cookies"},"content":{"rendered":"<div class=\"fusion-fullwidth fullwidth-box fusion-builder-row-1 fusion-flex-container has-pattern-background has-mask-background nonhundred-percent-fullwidth non-hundred-percent-height-scrolling\" style=\"--awb-border-radius-top-left:0px;--awb-border-radius-top-right:0px;--awb-border-radius-bottom-right:0px;--awb-border-radius-bottom-left:0px;--awb-padding-top:50px;--awb-padding-right:150px;--awb-padding-bottom:150px;--awb-padding-left:150px;--awb-padding-right-medium:25px;--awb-padding-left-medium:25px;--awb-padding-right-small:15px;--awb-padding-left-small:15px;--awb-flex-wrap:wrap;\" ><div class=\"fusion-builder-row fusion-row fusion-flex-align-items-flex-start fusion-flex-content-wrap\" style=\"max-width:104%;margin-left: calc(-4% \/ 2 );margin-right: calc(-4% \/ 2 );\"><div class=\"fusion-layout-column fusion_builder_column fusion-builder-column-0 fusion_builder_column_1_1 1_1 fusion-flex-column\" style=\"--awb-bg-size:cover;--awb-width-large:100%;--awb-margin-top-large:0px;--awb-spacing-right-large:1.92%;--awb-margin-bottom-large:20px;--awb-spacing-left-large:1.92%;--awb-width-medium:100%;--awb-order-medium:0;--awb-spacing-right-medium:1.92%;--awb-spacing-left-medium:1.92%;--awb-width-small:100%;--awb-order-small:0;--awb-spacing-right-small:1.92%;--awb-spacing-left-small:1.92%;\"><div class=\"fusion-column-wrapper fusion-column-has-shadow fusion-flex-justify-content-flex-start fusion-content-layout-column\"><div class=\"fusion-text fusion-text-1\"><h1>Politique de cookies<\/h1>\n<p>Un <em>cookie <\/em> est un petit fichier texte stock\u00e9 dans votre navigateur lorsque vous visitez presque n&rsquo;importe quelle page Web. Son utilit\u00e9 est que le site Web puisse se souvenir de votre visite lorsque vous naviguez \u00e0 nouveau sur cette page. Les <em>cookies <\/em> stockent g\u00e9n\u00e9ralement des informations techniques, des pr\u00e9f\u00e9rences personnelles, la personnalisation du contenu, des statistiques d&rsquo;utilisation, des liens vers des r\u00e9seaux sociaux, l&rsquo;acc\u00e8s aux comptes d&rsquo;utilisateurs, etc. L&rsquo;objectif du <em>cookie<\/em> est d&rsquo;adapter le contenu du site Web \u00e0 votre profil et \u00e0 vos besoins. Sans <em>cookies<\/em>, les services offerts par n&rsquo;importe quelle page seraient consid\u00e9rablement r\u00e9duits. Si vous souhaitez consulter plus d&rsquo;informations sur ce que sont les <em>cookies<\/em>, ce qu&rsquo;ils stockent, comment les supprimer, les d\u00e9sactiver, etc., <a href=\"https:\/\/www.hominggo.com\/mas-informacion-sobre-las-cookies\/\">veuillez vous rendre sur ce lien<\/a>.<\/p>\n<h4>Cookies utilis\u00e9s sur ce site<\/h4>\n<p>Conform\u00e9ment aux directives de l&rsquo;Agence espagnole de protection des donn\u00e9es, nous d\u00e9taillons l&rsquo;utilisation de <em>cookies <\/em> effectu\u00e9e par ce site Web afin de vous informer le plus pr\u00e9cis\u00e9ment possible.<\/p>\n<p>Ce site Web utilise les <strong>cookies suivants<\/strong>:<\/p>\n<ul>\n<li>Cookies de session, pour garantir que les utilisateurs qui \u00e9crivent des commentaires sur le blog sont des applications humaines et non automatis\u00e9es. C&rsquo;est ainsi que le <em>spam <\/em> est combattu.<\/li>\n<\/ul>\n<p>Ce site Web utilise les <strong>cookies tiers<\/strong> suivants:<\/p>\n<ul>\n<li>Google Analytics : stocke des <em>cookies <\/em> pour pouvoir \u00e9tablir des statistiques sur le trafic et le volume de visites sur ce site Internet. En utilisant ce site Internet, vous consentez au traitement des donn\u00e9es vous concernant par Google. Par cons\u00e9quent, l\u2019exercice de tout droit \u00e0 cet \u00e9gard doit se faire en communiquant directement avec Google.<\/li>\n<li>R\u00e9seaux sociaux : Chaque r\u00e9seau social utilise ses propres <em>cookies<\/em> afin que vous puissiez cliquer sur les boutons <em>J&rsquo;aime<\/em> ou <em>Partager<\/em>.<\/li>\n<\/ul>\n<h4>D\u00e9sactivation ou suppression des cookies<\/h4>\n<p>\u00c0 tout moment, vous pouvez exercer votre droit de d\u00e9sactiver ou de supprimer les cookies de ce site Internet. Ces actions sont effectu\u00e9es diff\u00e9remment selon le navigateur que vous utilisez. <a href=\"https:\/\/www.hominggo.com\/mas-informacion-sobre-las-cookies\/#navegadores\">Voici un guide rapide des navigateurs les plus populaires. <\/a><\/p>\n<h4>Notes compl\u00e9mentaires<\/h4>\n<ul>\n<li>Ni ce site Web ni ses repr\u00e9sentants l\u00e9gaux ne sont responsables du contenu ou de la v\u00e9racit\u00e9 des politiques de confidentialit\u00e9 que peuvent avoir les tiers mentionn\u00e9s dans cette politique de <em>cookies<\/em>.<\/li>\n<li>Les navigateurs Web sont les outils charg\u00e9s de stocker les <em>cookies <\/em> et \u00e0 partir de cet endroit, vous devez exercer votre droit de les \u00e9liminer ou de les d\u00e9sactiver. Ni ce site Web ni ses repr\u00e9sentants l\u00e9gaux ne peuvent garantir le traitement correct ou incorrect des <em>cookies <\/em> par les navigateurs susmentionn\u00e9s.<\/li>\n<li>Dans certains cas, il est n\u00e9cessaire d&rsquo;installer des <em>cookies <\/em> pour que le navigateur n&rsquo;oublie pas sa d\u00e9cision de ne pas les accepter.<\/li>\n<li>Dans le cas des <em>cookies<\/em> Google Analytics, cette soci\u00e9t\u00e9 stocke les <em>cookies <\/em> sur des serveurs situ\u00e9s aux \u00c9tats-Unis et s&rsquo;engage \u00e0 ne pas les partager avec des tiers, sauf dans les cas o\u00f9 cela est n\u00e9cessaire au fonctionnement du syst\u00e8me ou lorsque la loi exige un tel effet. . Selon Google, il ne stocke pas votre adresse IP. Google Inc. est une entreprise adh\u00e9rant au Safe Harbor Agreement qui garantit que toutes les donn\u00e9es transf\u00e9r\u00e9es seront trait\u00e9es avec un niveau de protection conforme \u00e0 la r\u00e9glementation europ\u00e9enne. Vous pouvez consulter des informations d\u00e9taill\u00e9es \u00e0 ce sujet <a href=\"http:\/\/safeharbor.export.gov\/companyinfo.aspx?id=16626\" target=\"_blank\" rel=\"noopener\">sur ce lien<\/a>. Si vous souhaitez des informations sur la mani\u00e8re dont Google utilise les cookies, <a href=\"https:\/\/developers.google.com\/analytics\/devguides\/collection\/analyticsjs\/cookie-usage?hl=es&amp;csw=1\" target=\"_blank\" rel=\"noopener\">nous joignons cet autre lien<\/a>.<\/li>\n<li>Pour toute question ou requ\u00eate concernant cette politique de <em>cookies<\/em>, n&rsquo;h\u00e9sitez pas \u00e0 nous contacter via la rubrique contact.<\/li>\n<\/ul>\n<\/div><\/div><\/div><\/div><\/div>\n","protected":false},"excerpt":{"rendered":"","protected":false},"author":1,"featured_media":0,"parent":0,"menu_order":0,"comment_status":"closed","ping_status":"closed","template":"","meta":{"footnotes":""},"class_list":["post-2169","page","type-page","status-publish","hentry"],"yoast_head":"<!-- This site is optimized with the Yoast SEO plugin v26.6 - https:\/\/yoast.com\/wordpress\/plugins\/seo\/ -->\n<title>Politique de cookies - Fittexport<\/title>\n<meta name=\"robots\" content=\"index, follow, max-snippet:-1, max-image-preview:large, max-video-preview:-1\" \/>\n<link rel=\"canonical\" href=\"https:\/\/fittexport.com\/fr\/politique-de-cookies\/\" \/>\n<meta property=\"og:locale\" content=\"fr_FR\" \/>\n<meta property=\"og:type\" content=\"article\" \/>\n<meta property=\"og:title\" content=\"Politique de cookies - Fittexport\" \/>\n<meta property=\"og:url\" content=\"https:\/\/fittexport.com\/fr\/politique-de-cookies\/\" \/>\n<meta property=\"og:site_name\" content=\"Fittexport\" \/>\n<meta property=\"article:publisher\" content=\"https:\/\/www.facebook.com\/fittexport\" \/>\n<meta property=\"article:modified_time\" content=\"2024-07-17T07:02:58+00:00\" \/>\n<meta property=\"og:image\" content=\"https:\/\/fittexport.com\/wp-content\/uploads\/2024\/05\/fittexport.png\" \/>\n\t<meta property=\"og:image:width\" content=\"597\" \/>\n\t<meta property=\"og:image:height\" content=\"182\" \/>\n\t<meta property=\"og:image:type\" content=\"image\/png\" \/>\n<meta name=\"twitter:card\" content=\"summary_large_image\" \/>\n<meta name=\"twitter:site\" content=\"@fittexport\" \/>\n<meta name=\"twitter:label1\" content=\"Dur\u00e9e de lecture estim\u00e9e\" \/>\n\t<meta name=\"twitter:data1\" content=\"8 minutes\" \/>\n<script type=\"application\/ld+json\" class=\"yoast-schema-graph\">{\"@context\":\"https:\/\/schema.org\",\"@graph\":[{\"@type\":\"WebPage\",\"@id\":\"https:\/\/fittexport.com\/fr\/politique-de-cookies\/\",\"url\":\"https:\/\/fittexport.com\/fr\/politique-de-cookies\/\",\"name\":\"Politique de cookies - Fittexport\",\"isPartOf\":{\"@id\":\"https:\/\/fittexport.com\/fr\/#website\"},\"datePublished\":\"2024-05-30T13:14:21+00:00\",\"dateModified\":\"2024-07-17T07:02:58+00:00\",\"breadcrumb\":{\"@id\":\"https:\/\/fittexport.com\/fr\/politique-de-cookies\/#breadcrumb\"},\"inLanguage\":\"fr-FR\",\"potentialAction\":[{\"@type\":\"ReadAction\",\"target\":[\"https:\/\/fittexport.com\/fr\/politique-de-cookies\/\"]}]},{\"@type\":\"BreadcrumbList\",\"@id\":\"https:\/\/fittexport.com\/fr\/politique-de-cookies\/#breadcrumb\",\"itemListElement\":[{\"@type\":\"ListItem\",\"position\":1,\"name\":\"Portada\",\"item\":\"https:\/\/fittexport.com\/fr\/\"},{\"@type\":\"ListItem\",\"position\":2,\"name\":\"Politique de cookies\"}]},{\"@type\":\"WebSite\",\"@id\":\"https:\/\/fittexport.com\/fr\/#website\",\"url\":\"https:\/\/fittexport.com\/fr\/\",\"name\":\"Fittexport\",\"description\":\"Fabricando conexiones de acero desde 1982\",\"publisher\":{\"@id\":\"https:\/\/fittexport.com\/fr\/#organization\"},\"alternateName\":\"Fittexport: fabricaci\u00f3n de conexiones de acero inoxidable\",\"potentialAction\":[{\"@type\":\"SearchAction\",\"target\":{\"@type\":\"EntryPoint\",\"urlTemplate\":\"https:\/\/fittexport.com\/fr\/?s={search_term_string}\"},\"query-input\":{\"@type\":\"PropertyValueSpecification\",\"valueRequired\":true,\"valueName\":\"search_term_string\"}}],\"inLanguage\":\"fr-FR\"},{\"@type\":\"Organization\",\"@id\":\"https:\/\/fittexport.com\/fr\/#organization\",\"name\":\"Fittexport\",\"alternateName\":\"Fittexport\",\"url\":\"https:\/\/fittexport.com\/fr\/\",\"logo\":{\"@type\":\"ImageObject\",\"inLanguage\":\"fr-FR\",\"@id\":\"https:\/\/fittexport.com\/fr\/#\/schema\/logo\/image\/\",\"url\":\"https:\/\/fittexport.com\/wp-content\/uploads\/2024\/05\/fittexport.png\",\"contentUrl\":\"https:\/\/fittexport.com\/wp-content\/uploads\/2024\/05\/fittexport.png\",\"width\":597,\"height\":182,\"caption\":\"Fittexport\"},\"image\":{\"@id\":\"https:\/\/fittexport.com\/fr\/#\/schema\/logo\/image\/\"},\"sameAs\":[\"https:\/\/www.facebook.com\/fittexport\",\"https:\/\/x.com\/fittexport\",\"https:\/\/www.instagram.com\/fittexport\",\"https:\/\/es.linkedin.com\/company\/fittexport-sa\"]}]}<\/script>\n<!-- \/ Yoast SEO plugin. -->","yoast_head_json":{"title":"Politique de cookies - Fittexport","robots":{"index":"index","follow":"follow","max-snippet":"max-snippet:-1","max-image-preview":"max-image-preview:large","max-video-preview":"max-video-preview:-1"},"canonical":"https:\/\/fittexport.com\/fr\/politique-de-cookies\/","og_locale":"fr_FR","og_type":"article","og_title":"Politique de cookies - Fittexport","og_url":"https:\/\/fittexport.com\/fr\/politique-de-cookies\/","og_site_name":"Fittexport","article_publisher":"https:\/\/www.facebook.com\/fittexport","article_modified_time":"2024-07-17T07:02:58+00:00","og_image":[{"width":597,"height":182,"url":"https:\/\/fittexport.com\/wp-content\/uploads\/2024\/05\/fittexport.png","type":"image\/png"}],"twitter_card":"summary_large_image","twitter_site":"@fittexport","twitter_misc":{"Dur\u00e9e de lecture estim\u00e9e":"8 minutes"},"schema":{"@context":"https:\/\/schema.org","@graph":[{"@type":"WebPage","@id":"https:\/\/fittexport.com\/fr\/politique-de-cookies\/","url":"https:\/\/fittexport.com\/fr\/politique-de-cookies\/","name":"Politique de cookies - Fittexport","isPartOf":{"@id":"https:\/\/fittexport.com\/fr\/#website"},"datePublished":"2024-05-30T13:14:21+00:00","dateModified":"2024-07-17T07:02:58+00:00","breadcrumb":{"@id":"https:\/\/fittexport.com\/fr\/politique-de-cookies\/#breadcrumb"},"inLanguage":"fr-FR","potentialAction":[{"@type":"ReadAction","target":["https:\/\/fittexport.com\/fr\/politique-de-cookies\/"]}]},{"@type":"BreadcrumbList","@id":"https:\/\/fittexport.com\/fr\/politique-de-cookies\/#breadcrumb","itemListElement":[{"@type":"ListItem","position":1,"name":"Portada","item":"https:\/\/fittexport.com\/fr\/"},{"@type":"ListItem","position":2,"name":"Politique de cookies"}]},{"@type":"WebSite","@id":"https:\/\/fittexport.com\/fr\/#website","url":"https:\/\/fittexport.com\/fr\/","name":"Fittexport","description":"Fabricando conexiones de acero desde 1982","publisher":{"@id":"https:\/\/fittexport.com\/fr\/#organization"},"alternateName":"Fittexport: fabricaci\u00f3n de conexiones de acero inoxidable","potentialAction":[{"@type":"SearchAction","target":{"@type":"EntryPoint","urlTemplate":"https:\/\/fittexport.com\/fr\/?s={search_term_string}"},"query-input":{"@type":"PropertyValueSpecification","valueRequired":true,"valueName":"search_term_string"}}],"inLanguage":"fr-FR"},{"@type":"Organization","@id":"https:\/\/fittexport.com\/fr\/#organization","name":"Fittexport","alternateName":"Fittexport","url":"https:\/\/fittexport.com\/fr\/","logo":{"@type":"ImageObject","inLanguage":"fr-FR","@id":"https:\/\/fittexport.com\/fr\/#\/schema\/logo\/image\/","url":"https:\/\/fittexport.com\/wp-content\/uploads\/2024\/05\/fittexport.png","contentUrl":"https:\/\/fittexport.com\/wp-content\/uploads\/2024\/05\/fittexport.png","width":597,"height":182,"caption":"Fittexport"},"image":{"@id":"https:\/\/fittexport.com\/fr\/#\/schema\/logo\/image\/"},"sameAs":["https:\/\/www.facebook.com\/fittexport","https:\/\/x.com\/fittexport","https:\/\/www.instagram.com\/fittexport","https:\/\/es.linkedin.com\/company\/fittexport-sa"]}]}},"_links":{"self":[{"href":"https:\/\/fittexport.com\/fr\/wp-json\/wp\/v2\/pages\/2169","targetHints":{"allow":["GET"]}}],"collection":[{"href":"https:\/\/fittexport.com\/fr\/wp-json\/wp\/v2\/pages"}],"about":[{"href":"https:\/\/fittexport.com\/fr\/wp-json\/wp\/v2\/types\/page"}],"author":[{"embeddable":true,"href":"https:\/\/fittexport.com\/fr\/wp-json\/wp\/v2\/users\/1"}],"replies":[{"embeddable":true,"href":"https:\/\/fittexport.com\/fr\/wp-json\/wp\/v2\/comments?post=2169"}],"version-history":[{"count":2,"href":"https:\/\/fittexport.com\/fr\/wp-json\/wp\/v2\/pages\/2169\/revisions"}],"predecessor-version":[{"id":2171,"href":"https:\/\/fittexport.com\/fr\/wp-json\/wp\/v2\/pages\/2169\/revisions\/2171"}],"wp:attachment":[{"href":"https:\/\/fittexport.com\/fr\/wp-json\/wp\/v2\/media?parent=2169"}],"curies":[{"name":"wp","href":"https:\/\/api.w.org\/{rel}","templated":true}]}}