{"id":2160,"date":"2024-06-12T17:06:23","date_gmt":"2024-06-12T15:06:23","guid":{"rendered":"http:\/\/fittexport.com\/avis-juridique\/"},"modified":"2024-07-17T08:54:36","modified_gmt":"2024-07-17T06:54:36","slug":"avis-juridique","status":"publish","type":"page","link":"https:\/\/fittexport.com\/fr\/avis-juridique\/","title":{"rendered":"Avis juridique"},"content":{"rendered":"<div class=\"fusion-fullwidth fullwidth-box fusion-builder-row-1 fusion-flex-container has-pattern-background has-mask-background nonhundred-percent-fullwidth non-hundred-percent-height-scrolling\" style=\"--awb-border-radius-top-left:0px;--awb-border-radius-top-right:0px;--awb-border-radius-bottom-right:0px;--awb-border-radius-bottom-left:0px;--awb-padding-top:50px;--awb-padding-right:150px;--awb-padding-bottom:150px;--awb-padding-left:150px;--awb-padding-right-medium:25px;--awb-padding-left-medium:25px;--awb-padding-right-small:15px;--awb-padding-left-small:15px;--awb-flex-wrap:wrap;\" ><div class=\"fusion-builder-row fusion-row fusion-flex-align-items-flex-start fusion-flex-content-wrap\" style=\"max-width:104%;margin-left: calc(-4% \/ 2 );margin-right: calc(-4% \/ 2 );\"><div class=\"fusion-layout-column fusion_builder_column fusion-builder-column-0 fusion_builder_column_1_1 1_1 fusion-flex-column\" style=\"--awb-bg-size:cover;--awb-width-large:100%;--awb-margin-top-large:0px;--awb-spacing-right-large:1.92%;--awb-margin-bottom-large:20px;--awb-spacing-left-large:1.92%;--awb-width-medium:100%;--awb-order-medium:0;--awb-spacing-right-medium:1.92%;--awb-spacing-left-medium:1.92%;--awb-width-small:100%;--awb-order-small:0;--awb-spacing-right-small:1.92%;--awb-spacing-left-small:1.92%;\"><div class=\"fusion-column-wrapper fusion-column-has-shadow fusion-flex-justify-content-flex-start fusion-content-layout-column\"><div class=\"fusion-text fusion-text-1\"><h1>Avis juridique<\/h1>\n<h4>D\u00e9tails du propri\u00e9taire du domaine<\/h4>\n<p>La propri\u00e9t\u00e9 du domaine Web WWW.FITTEXPORT.COM est la propri\u00e9t\u00e9 de FITTEXPORT, S.A.U. dont le si\u00e8ge social est situ\u00e9 Calle J\u00fapiter 39, 08228 Terrassa (Barcelone) et num\u00e9ro CIF : A08757155, et inscrite au registre du commerce de Barcelone. Nous l&rsquo;appellerons d\u00e9sormais FITTEXPORT.<\/p>\n<p>FITTEXPORT a \u00e9dit\u00e9 ce site Internet pour permettre aux visiteurs potentiels d&rsquo;acc\u00e9der aux informations sur les services qu&rsquo;elle met \u00e0 disposition et qui sont d\u00e9taill\u00e9s dans son contenu. Les informations affich\u00e9es sur ce site Internet sont mises gratuitement \u00e0 la disposition des utilisateurs qui acc\u00e8dent au site Internet de mani\u00e8re individuelle et priv\u00e9e. La commercialisation du droit d&rsquo;acc\u00e8s est express\u00e9ment interdite.<\/p>\n<h4>Exactitude des informations<\/h4>\n<p>FITTEXPORT met tout en \u0153uvre pour assurer l\u2019exactitude et la mise \u00e0 jour des informations publi\u00e9es sur son site Internet. Il n&rsquo;est cependant pas responsable des cons\u00e9quences de sa lecture. De m\u00eame, FITTEXPORT n&rsquo;est pas responsable de tout dommage ou pr\u00e9judice subi par l&rsquo;utilisateur pouvant d\u00e9couler de l&rsquo;acc\u00e8s \u00e0 ce site Web ou de l&rsquo;utilisation de son contenu.<\/p>\n<h4>Liens, \u00ab liens \u00bb vers des pages de tiers<\/h4>\n<p>FITTEXPORT peut inclure dans son contenu des liens vers des sites d\u00e9tenus et\/ou g\u00e9r\u00e9s par des tiers afin de faciliter l&rsquo;acc\u00e8s aux informations disponibles sur Internet. FITTEXPORT n&rsquo;assume aucune responsabilit\u00e9 d\u00e9riv\u00e9e de l&rsquo;existence de liens entre le contenu de ce site et des contenus situ\u00e9s en dehors de celui-ci. Ces liens ou mentions sont uniquement \u00e0 des fins d&rsquo;information et, en aucun cas, n&rsquo;impliquent un soutien, une approbation, un marketing ou une quelconque relation entre FITTEXPORT et les personnes ou entit\u00e9s qui sont les auteurs et\/ou les gestionnaires de ce contenu ou les propri\u00e9taires des sites sur lesquels ils sont trouv\u00e9s.<\/p>\n<h4>Garanties et responsabilit\u00e9s<\/h4>\n<p>FITTEXPORT ne garantit pas le fonctionnement permanent du site Internet ni l&rsquo;absence d&rsquo;erreurs logicielles, de pannes de communication ou autres probl\u00e8mes mat\u00e9riels, et n&rsquo;est en aucun cas responsable des cons\u00e9quences qui pourraient en d\u00e9couler pour les utilisateurs. Cependant, FITTEXPORT s&rsquo;efforcera de fournir une assistance technique \u00e0 l&rsquo;utilisateur dans la mesure de ses possibilit\u00e9s, c&rsquo;est pourquoi toute demande d&rsquo;information ou de r\u00e9solution d&rsquo;incidents, en relation avec le site Web et son fonctionnement, sera trait\u00e9e par FITTEXPORT \u00e0 l&rsquo;adresse suivante : comercial@fittexport.com<\/p>\n<h4>Politique de cookies<\/h4>\n<p>Conform\u00e9ment \u00e0 l&rsquo;article 21 de la loi 34\/2002 du 11 juillet sur les services de la soci\u00e9t\u00e9 de l&rsquo;information et du commerce \u00e9lectronique (LSSI), nous vous informons que ce site Web peut utiliser des cookies (petits fichiers d&rsquo;informations que le serveur envoie \u00e0 l&rsquo;ordinateur de l&rsquo;utilisateur qui acc\u00e8de au). page).<\/p>\n<p>Les Cookies utilis\u00e9s par ce site Internet sont des Cookies techniques : Ces Cookies sont utilis\u00e9s pour r\u00e9aliser certaines fonctions consid\u00e9r\u00e9es comme essentielles au bon fonctionnement et \u00e0 l&rsquo;affichage du site Internet. Ils ont un caract\u00e8re temporaire et ont pour seul but de rendre plus efficace la transmission sur un r\u00e9seau de communications \u00e9lectroniques ou, dans la mesure o\u00f9 ils sont strictement n\u00e9cessaires, \u00e0 la fourniture d&rsquo;un service express\u00e9ment demand\u00e9 par l&rsquo;utilisateur, et ils disparaissent \u00e0 la fin. de la s\u00e9ance. En aucun cas ces types de cookies ne sont utilis\u00e9s pour collecter des informations personnelles.<\/p>\n<h4>Droits de propri\u00e9t\u00e9 intellectuelle<\/h4>\n<p>Ce site Web est r\u00e9gi par les lois espagnoles et est prot\u00e9g\u00e9 par la l\u00e9gislation nationale et internationale sur la propri\u00e9t\u00e9 intellectuelle.<\/p>\n<p>Tous les \u00e9l\u00e9ments (marques, designs, textes, liens, logos, images, vid\u00e9os, \u00e9l\u00e9ments sonores, logiciels, bases de donn\u00e9es, codes&#8230;) contenus dans la page FITTEXPORT sont prot\u00e9g\u00e9s par le droit national et international de la propri\u00e9t\u00e9 intellectuelle. Ces \u00e9l\u00e9ments sont la propri\u00e9t\u00e9 exclusive de FITTEXPORT.<\/p>\n<p>Toute reproduction, transmission, adaptation, traduction, modification, communication au public, ou toute autre exploitation de tout ou partie du contenu de ce Site, r\u00e9alis\u00e9e sous quelque forme ou par quelque moyen que ce soit, \u00e9lectronique, m\u00e9canique ou autre, est strictement interdite. sauf autorisation \u00e9crite pr\u00e9alable de FITTEXPORT. Toute violation de ces droits pourra donner lieu \u00e0 des poursuites extrajudiciaires ou judiciaires civiles ou p\u00e9nales appropri\u00e9es.<\/p>\n<p>FITTEXPORT n&rsquo;accorde aucune licence ou autorisation d&rsquo;utilisation de quelque nature que ce soit sur ses droits de propri\u00e9t\u00e9 intellectuelle et industrielle ou sur toute autre propri\u00e9t\u00e9 ou droit li\u00e9 \u00e0 ce Site Internet, \u00e0 ses services ou \u00e0 son contenu.<\/p>\n<p>La l\u00e9gitimit\u00e9 des droits de propri\u00e9t\u00e9 intellectuelle ou industrielle correspondant aux contenus fournis par les Utilisateurs rel\u00e8ve de la seule responsabilit\u00e9 de l&rsquo;Utilisateur.<\/p>\n<h4>Loi applicable et juridiction<\/h4>\n<p>Ces conditions sont r\u00e9gies par la loi espagnole. Tout doute pouvant surgir quant \u00e0 leur conformit\u00e9 et leur interpr\u00e9tation sera soumis aux Cours et Tribunaux de la ville de Barcelone.<\/p>\n<\/div><\/div><\/div><\/div><\/div>\n","protected":false},"excerpt":{"rendered":"","protected":false},"author":1,"featured_media":0,"parent":0,"menu_order":0,"comment_status":"closed","ping_status":"closed","template":"","meta":{"footnotes":""},"class_list":["post-2160","page","type-page","status-publish","hentry"],"yoast_head":"<!-- This site is optimized with the Yoast SEO plugin v26.6 - https:\/\/yoast.com\/wordpress\/plugins\/seo\/ -->\n<title>Avis juridique - Fittexport<\/title>\n<meta name=\"robots\" content=\"index, follow, max-snippet:-1, max-image-preview:large, max-video-preview:-1\" \/>\n<link rel=\"canonical\" href=\"https:\/\/fittexport.com\/fr\/avis-juridique\/\" \/>\n<meta property=\"og:locale\" content=\"fr_FR\" \/>\n<meta property=\"og:type\" content=\"article\" \/>\n<meta property=\"og:title\" content=\"Avis juridique - Fittexport\" \/>\n<meta property=\"og:url\" content=\"https:\/\/fittexport.com\/fr\/avis-juridique\/\" \/>\n<meta property=\"og:site_name\" content=\"Fittexport\" \/>\n<meta property=\"article:publisher\" content=\"https:\/\/www.facebook.com\/fittexport\" \/>\n<meta property=\"article:modified_time\" content=\"2024-07-17T06:54:36+00:00\" \/>\n<meta property=\"og:image\" content=\"https:\/\/fittexport.com\/wp-content\/uploads\/2024\/05\/fittexport.png\" \/>\n\t<meta property=\"og:image:width\" content=\"597\" \/>\n\t<meta property=\"og:image:height\" content=\"182\" \/>\n\t<meta property=\"og:image:type\" content=\"image\/png\" \/>\n<meta name=\"twitter:card\" content=\"summary_large_image\" \/>\n<meta name=\"twitter:site\" content=\"@fittexport\" \/>\n<meta name=\"twitter:label1\" content=\"Dur\u00e9e de lecture estim\u00e9e\" \/>\n\t<meta name=\"twitter:data1\" content=\"9 minutes\" \/>\n<script type=\"application\/ld+json\" class=\"yoast-schema-graph\">{\"@context\":\"https:\/\/schema.org\",\"@graph\":[{\"@type\":\"WebPage\",\"@id\":\"https:\/\/fittexport.com\/fr\/avis-juridique\/\",\"url\":\"https:\/\/fittexport.com\/fr\/avis-juridique\/\",\"name\":\"Avis juridique - Fittexport\",\"isPartOf\":{\"@id\":\"https:\/\/fittexport.com\/fr\/#website\"},\"datePublished\":\"2024-06-12T15:06:23+00:00\",\"dateModified\":\"2024-07-17T06:54:36+00:00\",\"breadcrumb\":{\"@id\":\"https:\/\/fittexport.com\/fr\/avis-juridique\/#breadcrumb\"},\"inLanguage\":\"fr-FR\",\"potentialAction\":[{\"@type\":\"ReadAction\",\"target\":[\"https:\/\/fittexport.com\/fr\/avis-juridique\/\"]}]},{\"@type\":\"BreadcrumbList\",\"@id\":\"https:\/\/fittexport.com\/fr\/avis-juridique\/#breadcrumb\",\"itemListElement\":[{\"@type\":\"ListItem\",\"position\":1,\"name\":\"Portada\",\"item\":\"https:\/\/fittexport.com\/fr\/\"},{\"@type\":\"ListItem\",\"position\":2,\"name\":\"Avis juridique\"}]},{\"@type\":\"WebSite\",\"@id\":\"https:\/\/fittexport.com\/fr\/#website\",\"url\":\"https:\/\/fittexport.com\/fr\/\",\"name\":\"Fittexport\",\"description\":\"Fabricando conexiones de acero desde 1982\",\"publisher\":{\"@id\":\"https:\/\/fittexport.com\/fr\/#organization\"},\"alternateName\":\"Fittexport: fabricaci\u00f3n de conexiones de acero inoxidable\",\"potentialAction\":[{\"@type\":\"SearchAction\",\"target\":{\"@type\":\"EntryPoint\",\"urlTemplate\":\"https:\/\/fittexport.com\/fr\/?s={search_term_string}\"},\"query-input\":{\"@type\":\"PropertyValueSpecification\",\"valueRequired\":true,\"valueName\":\"search_term_string\"}}],\"inLanguage\":\"fr-FR\"},{\"@type\":\"Organization\",\"@id\":\"https:\/\/fittexport.com\/fr\/#organization\",\"name\":\"Fittexport\",\"alternateName\":\"Fittexport\",\"url\":\"https:\/\/fittexport.com\/fr\/\",\"logo\":{\"@type\":\"ImageObject\",\"inLanguage\":\"fr-FR\",\"@id\":\"https:\/\/fittexport.com\/fr\/#\/schema\/logo\/image\/\",\"url\":\"https:\/\/fittexport.com\/wp-content\/uploads\/2024\/05\/fittexport.png\",\"contentUrl\":\"https:\/\/fittexport.com\/wp-content\/uploads\/2024\/05\/fittexport.png\",\"width\":597,\"height\":182,\"caption\":\"Fittexport\"},\"image\":{\"@id\":\"https:\/\/fittexport.com\/fr\/#\/schema\/logo\/image\/\"},\"sameAs\":[\"https:\/\/www.facebook.com\/fittexport\",\"https:\/\/x.com\/fittexport\",\"https:\/\/www.instagram.com\/fittexport\",\"https:\/\/es.linkedin.com\/company\/fittexport-sa\"]}]}<\/script>\n<!-- \/ Yoast SEO plugin. -->","yoast_head_json":{"title":"Avis juridique - Fittexport","robots":{"index":"index","follow":"follow","max-snippet":"max-snippet:-1","max-image-preview":"max-image-preview:large","max-video-preview":"max-video-preview:-1"},"canonical":"https:\/\/fittexport.com\/fr\/avis-juridique\/","og_locale":"fr_FR","og_type":"article","og_title":"Avis juridique - Fittexport","og_url":"https:\/\/fittexport.com\/fr\/avis-juridique\/","og_site_name":"Fittexport","article_publisher":"https:\/\/www.facebook.com\/fittexport","article_modified_time":"2024-07-17T06:54:36+00:00","og_image":[{"width":597,"height":182,"url":"https:\/\/fittexport.com\/wp-content\/uploads\/2024\/05\/fittexport.png","type":"image\/png"}],"twitter_card":"summary_large_image","twitter_site":"@fittexport","twitter_misc":{"Dur\u00e9e de lecture estim\u00e9e":"9 minutes"},"schema":{"@context":"https:\/\/schema.org","@graph":[{"@type":"WebPage","@id":"https:\/\/fittexport.com\/fr\/avis-juridique\/","url":"https:\/\/fittexport.com\/fr\/avis-juridique\/","name":"Avis juridique - Fittexport","isPartOf":{"@id":"https:\/\/fittexport.com\/fr\/#website"},"datePublished":"2024-06-12T15:06:23+00:00","dateModified":"2024-07-17T06:54:36+00:00","breadcrumb":{"@id":"https:\/\/fittexport.com\/fr\/avis-juridique\/#breadcrumb"},"inLanguage":"fr-FR","potentialAction":[{"@type":"ReadAction","target":["https:\/\/fittexport.com\/fr\/avis-juridique\/"]}]},{"@type":"BreadcrumbList","@id":"https:\/\/fittexport.com\/fr\/avis-juridique\/#breadcrumb","itemListElement":[{"@type":"ListItem","position":1,"name":"Portada","item":"https:\/\/fittexport.com\/fr\/"},{"@type":"ListItem","position":2,"name":"Avis juridique"}]},{"@type":"WebSite","@id":"https:\/\/fittexport.com\/fr\/#website","url":"https:\/\/fittexport.com\/fr\/","name":"Fittexport","description":"Fabricando conexiones de acero desde 1982","publisher":{"@id":"https:\/\/fittexport.com\/fr\/#organization"},"alternateName":"Fittexport: fabricaci\u00f3n de conexiones de acero inoxidable","potentialAction":[{"@type":"SearchAction","target":{"@type":"EntryPoint","urlTemplate":"https:\/\/fittexport.com\/fr\/?s={search_term_string}"},"query-input":{"@type":"PropertyValueSpecification","valueRequired":true,"valueName":"search_term_string"}}],"inLanguage":"fr-FR"},{"@type":"Organization","@id":"https:\/\/fittexport.com\/fr\/#organization","name":"Fittexport","alternateName":"Fittexport","url":"https:\/\/fittexport.com\/fr\/","logo":{"@type":"ImageObject","inLanguage":"fr-FR","@id":"https:\/\/fittexport.com\/fr\/#\/schema\/logo\/image\/","url":"https:\/\/fittexport.com\/wp-content\/uploads\/2024\/05\/fittexport.png","contentUrl":"https:\/\/fittexport.com\/wp-content\/uploads\/2024\/05\/fittexport.png","width":597,"height":182,"caption":"Fittexport"},"image":{"@id":"https:\/\/fittexport.com\/fr\/#\/schema\/logo\/image\/"},"sameAs":["https:\/\/www.facebook.com\/fittexport","https:\/\/x.com\/fittexport","https:\/\/www.instagram.com\/fittexport","https:\/\/es.linkedin.com\/company\/fittexport-sa"]}]}},"_links":{"self":[{"href":"https:\/\/fittexport.com\/fr\/wp-json\/wp\/v2\/pages\/2160","targetHints":{"allow":["GET"]}}],"collection":[{"href":"https:\/\/fittexport.com\/fr\/wp-json\/wp\/v2\/pages"}],"about":[{"href":"https:\/\/fittexport.com\/fr\/wp-json\/wp\/v2\/types\/page"}],"author":[{"embeddable":true,"href":"https:\/\/fittexport.com\/fr\/wp-json\/wp\/v2\/users\/1"}],"replies":[{"embeddable":true,"href":"https:\/\/fittexport.com\/fr\/wp-json\/wp\/v2\/comments?post=2160"}],"version-history":[{"count":5,"href":"https:\/\/fittexport.com\/fr\/wp-json\/wp\/v2\/pages\/2160\/revisions"}],"predecessor-version":[{"id":2168,"href":"https:\/\/fittexport.com\/fr\/wp-json\/wp\/v2\/pages\/2160\/revisions\/2168"}],"wp:attachment":[{"href":"https:\/\/fittexport.com\/fr\/wp-json\/wp\/v2\/media?parent=2160"}],"curies":[{"name":"wp","href":"https:\/\/api.w.org\/{rel}","templated":true}]}}