{"id":2286,"date":"2024-05-30T15:15:47","date_gmt":"2024-05-30T13:15:47","guid":{"rendered":"http:\/\/fittexport.com\/technische-information\/ausfuehrungen\/"},"modified":"2024-07-19T13:22:46","modified_gmt":"2024-07-19T11:22:46","slug":"ausfuehrungen","status":"publish","type":"page","link":"https:\/\/fittexport.com\/de\/technische-information\/ausfuehrungen\/","title":{"rendered":"Ausf\u00fchrungen"},"content":{"rendered":"<p><div class=\"fusion-fullwidth fullwidth-box fusion-builder-row-1 fusion-flex-container has-pattern-background has-mask-background fusion-parallax-none nonhundred-percent-fullwidth non-hundred-percent-height-scrolling\" style=\"--awb-background-repeat-small:no-repeat;--awb-background-blend-mode:overlay;--awb-border-radius-top-left:0px;--awb-border-radius-top-right:0px;--awb-border-radius-bottom-right:0px;--awb-border-radius-bottom-left:0px;--awb-background-color:rgba(0,0,0,0.5);--awb-background-color-small:rgba(0,0,0,0.5);--awb-background-image:url(&quot;http:\/\/fittexport.com\/wp-content\/uploads\/2024\/06\/header-acabados-fittexport.jpg&quot;);--awb-background-size:cover;--awb-background-size-small:cover;--awb-flex-wrap:wrap;\" ><div class=\"fusion-builder-row fusion-row fusion-flex-align-items-flex-start fusion-flex-align-content-space-evenly fusion-flex-justify-content-center fusion-flex-content-wrap\" style=\"max-width:104%;margin-left: calc(-4% \/ 2 );margin-right: calc(-4% \/ 2 );\"><div class=\"fusion-layout-column fusion_builder_column fusion-builder-column-0 fusion_builder_column_1_1 1_1 fusion-flex-column fusion-flex-align-self-flex-end\" style=\"--awb-padding-right:150px;--awb-padding-left:150px;--awb-padding-right-medium:25px;--awb-padding-left-medium:25px;--awb-padding-right-small:5px;--awb-padding-left-small:5px;--awb-bg-position:center center;--awb-bg-blend:overlay;--awb-bg-size:cover;--awb-width-large:100%;--awb-margin-top-large:100px;--awb-spacing-right-large:1.92%;--awb-margin-bottom-large:20px;--awb-spacing-left-large:1.92%;--awb-width-medium:100%;--awb-order-medium:0;--awb-margin-top-medium:50px;--awb-spacing-right-medium:1.92%;--awb-spacing-left-medium:1.92%;--awb-width-small:100%;--awb-order-small:0;--awb-margin-top-small:50px;--awb-spacing-right-small:1.92%;--awb-spacing-left-small:1.92%;\" data-scroll-devices=\"small-visibility,medium-visibility,large-visibility\"><div class=\"fusion-column-wrapper fusion-column-has-shadow fusion-flex-justify-content-center fusion-content-layout-column\"><div class=\"fusion-title title fusion-title-1 fusion-sep-none fusion-title-center fusion-title-text fusion-title-size-one home-titol-ppal\" style=\"--awb-text-color:#ffffff;--awb-margin-top:50px;\"><h1 class=\"fusion-title-heading title-heading-center\" style=\"margin:0;\"><p style=\"text-align: center;\">St\u00fcckausf\u00fchrungen<\/p><\/h1><\/div><div class=\"fusion-title title fusion-title-2 fusion-sep-none fusion-title-center fusion-title-text fusion-title-size-div home-txt-sub\" style=\"--awb-text-color:#ffffff;--awb-margin-right:50px;--awb-margin-bottom:50px;--awb-margin-left:50px;--awb-margin-right-small:5px;--awb-margin-left-small:5px;--awb-font-size:20px;\"><div class=\"fusion-title-heading title-heading-center title-heading-tag\" style=\"margin:0;font-size:1em;line-height:30px;\">Die <strong>Ausf\u00fchrungen<\/strong> unserer Edelstahlteile richtet sich nach den Anforderungen des Marktes.<\/div><\/div><div class=\"fusion-section-separator section-separator horizon fusion-section-separator-1\" style=\"--awb-spacer-padding-top:17.3828125%;--awb-sep-font-size:0;--awb-sep-line-height:0;\"><div class=\"fusion-section-separator-svg fusion-section-separator-fullwidth\"><svg class=\"fusion-horizon-candy\" xmlns=\"http:\/\/www.w3.org\/2000\/svg\" version=\"1.1\" width=\"100%\" viewBox=\"0 -0.5 1024 178\" preserveAspectRatio=\"none\" fill=\"rgba(255,255,255,1)\"><path class=\"st0\" d=\"M1024 177.371H0V.219l507.699 133.939L1024 .219v177.152z\"\/>\n\t\t\t\t\t\t\t\t\t<path class=\"st1\" d=\"M1024 177.781H0V39.438l507.699 94.925L1024 39.438v138.343z\"\/>\n\t\t\t\t\t\t\t\t\t<path class=\"st2\" d=\"M1024 177.781H0v-67.892l507.699 24.474L1024 109.889v67.892z\"\/>\n\t\t\t\t\t\t\t\t\t<path class=\"st3\" d=\"M1024 177.781H0v-3.891l507.699-39.526L1024 173.889v3.892z\"\/>\n\t\t\t\t\t\t\t\t<\/svg><\/div><div class=\"fusion-section-separator-spacer fusion-section-separator-fullwidth\"><div class=\"fusion-section-separator-spacer-height\"><\/div><\/div><\/div><\/div><\/div><\/div><\/div><div class=\"fusion-fullwidth fullwidth-box fusion-builder-row-2 fusion-flex-container has-pattern-background has-mask-background nonhundred-percent-fullwidth non-hundred-percent-height-scrolling\" style=\"--awb-border-radius-top-left:0px;--awb-border-radius-top-right:0px;--awb-border-radius-bottom-right:0px;--awb-border-radius-bottom-left:0px;--awb-padding-top:25px;--awb-padding-right:120px;--awb-padding-bottom:50px;--awb-padding-left:120px;--awb-padding-right-small:25px;--awb-padding-left-small:25px;--awb-flex-wrap:wrap;\" ><div class=\"fusion-builder-row fusion-row fusion-flex-align-items-stretch fusion-flex-justify-content-center fusion-flex-content-wrap\" style=\"max-width:104%;margin-left: calc(-4% \/ 2 );margin-right: calc(-4% \/ 2 );\"><div class=\"fusion-layout-column fusion_builder_column fusion-builder-column-1 fusion_builder_column_1_2 1_2 fusion-flex-column fusion-flex-align-self-stretch home-column12-calidadcertificada\" style=\"--awb-bg-color:#ffffff;--awb-bg-color-hover:#ffffff;--awb-bg-size:cover;--awb-border-color:rgba(125,123,123,0.8);--awb-border-style:solid;--awb-width-large:50%;--awb-margin-top-large:50px;--awb-spacing-right-large:3.84%;--awb-margin-bottom-large:50px;--awb-spacing-left-large:3.84%;--awb-width-medium:100%;--awb-order-medium:0;--awb-spacing-right-medium:1.92%;--awb-spacing-left-medium:1.92%;--awb-width-small:100%;--awb-order-small:0;--awb-spacing-right-small:1.92%;--awb-spacing-left-small:1.92%;\" data-scroll-devices=\"small-visibility,medium-visibility,large-visibility\"><div class=\"fusion-column-wrapper fusion-column-has-shadow fusion-flex-justify-content-flex-start fusion-content-layout-column\"><div class=\"fusion-title title fusion-title-3 fusion-sep-none fusion-title-text fusion-title-size-two home-titol-ppal\" style=\"--awb-text-color:#3e3231;\"><h2 class=\"fusion-title-heading title-heading-left\" style=\"margin:0;\">Ausf\u00fchrungen-Typen<\/h2><\/div><div class=\"fusion-separator\" style=\"align-self: flex-start;margin-right:auto;margin-bottom:25px;width:100%;max-width:250px;\"><div class=\"fusion-separator-border sep-single sep-solid\" style=\"--awb-height:20px;--awb-amount:20px;--awb-sep-color:#e0e0e0;border-color:#e0e0e0;border-top-width:5px;\"><\/div><\/div><div class=\"fusion-title title fusion-title-4 fusion-sep-none fusion-title-text fusion-title-size-div home-txt-sub\" style=\"--awb-text-color:#7d7b7b;--awb-font-size:20px;\"><div class=\"fusion-title-heading title-heading-left title-heading-tag\" style=\"margin:0;font-size:1em;line-height:30px;\"><p>Bei <strong>Fittexport <\/strong> w\u00e4hlen wir zwei Arten der Endbearbeitung: Kugelstrahlen oder Beizen. Abh\u00e4ngig von der Art des Teils oder den Bed\u00fcrfnissen des Kunden w\u00e4hlen wir die eine oder andere Option.<\/p>\n<p><strong>Kugelstrahlen <\/strong> ist eine Technik zur Behandlung der Oberfl\u00e4che von Edelstahl, um eine strukturierte oder matte Oberfl\u00e4che zu erzeugen. Dies wird erreicht, indem Glasperlen oder andere Materialien mit sehr hoher Geschwindigkeit geschleudert werden.<\/p>\n<p><strong>Beizen <\/strong> ist eine chemische Behandlung, die auf die Oberfl\u00e4che von Edelstahl einwirkt und alle Verunreinigungen entfernt. Es ist beispielsweise eines der am h\u00e4ufigsten verwendeten Verfahren zur Beseitigung von Temperaturverf\u00e4rbungen, die beim Schwei\u00dfen entstehen.<\/p><\/div><\/div><\/div><\/div><div class=\"fusion-layout-column fusion_builder_column fusion-builder-column-2 fusion_builder_column_1_2 1_2 fusion-flex-column fusion-flex-align-self-stretch\" style=\"--awb-padding-top:20px;--awb-padding-right:20px;--awb-padding-bottom:20px;--awb-padding-left:20px;--awb-bg-color:#ffffff;--awb-bg-color-hover:#ffffff;--awb-bg-size:cover;--awb-border-color:rgba(125,123,123,0.8);--awb-border-style:solid;--awb-width-large:50%;--awb-margin-top-large:50px;--awb-spacing-right-large:3.84%;--awb-margin-bottom-large:50px;--awb-spacing-left-large:3.84%;--awb-width-medium:100%;--awb-order-medium:0;--awb-spacing-right-medium:1.92%;--awb-spacing-left-medium:1.92%;--awb-width-small:100%;--awb-order-small:0;--awb-spacing-right-small:1.92%;--awb-spacing-left-small:1.92%;\" data-scroll-devices=\"small-visibility,medium-visibility,large-visibility\"><div class=\"fusion-column-wrapper fusion-column-has-shadow fusion-flex-justify-content-center fusion-content-layout-column\"><div class=\"fusion-image-element \" style=\"--awb-caption-title-font-family:var(--h2_typography-font-family);--awb-caption-title-font-weight:var(--h2_typography-font-weight);--awb-caption-title-font-style:var(--h2_typography-font-style);--awb-caption-title-size:var(--h2_typography-font-size);--awb-caption-title-transform:var(--h2_typography-text-transform);--awb-caption-title-line-height:var(--h2_typography-line-height);--awb-caption-title-letter-spacing:var(--h2_typography-letter-spacing);\"><span class=\" fusion-imageframe imageframe-none imageframe-1 hover-type-none\"><img decoding=\"async\" width=\"757\" height=\"571\" alt=\"Fitexport gepresster Flansch\" title=\"Acabados Fittexport: Granallado \/ Decapado\" data-src=\"http:\/\/fittexport.com\/fittexport\/wp-content\/uploads\/2024\/06\/acabados.jpeg\" class=\"img-responsive wp-image-1704 lazyload\" data-srcset=\"https:\/\/fittexport.com\/wp-content\/uploads\/2024\/06\/acabados-200x151.jpeg 200w, https:\/\/fittexport.com\/wp-content\/uploads\/2024\/06\/acabados-400x302.jpeg 400w, https:\/\/fittexport.com\/wp-content\/uploads\/2024\/06\/acabados-600x453.jpeg 600w, https:\/\/fittexport.com\/wp-content\/uploads\/2024\/06\/acabados.jpeg 757w\" data-sizes=\"(max-width: 640px) 100vw, 757px\" src=\"data:image\/svg+xml;base64,PHN2ZyB3aWR0aD0iMSIgaGVpZ2h0PSIxIiB4bWxucz0iaHR0cDovL3d3dy53My5vcmcvMjAwMC9zdmciPjwvc3ZnPg==\" style=\"--smush-placeholder-width: 757px; --smush-placeholder-aspect-ratio: 757\/571;\" \/><\/span><\/div><\/div><\/div><\/div><\/div><div class=\"fusion-fullwidth fullwidth-box fusion-builder-row-3 fusion-flex-container has-pattern-background has-mask-background nonhundred-percent-fullwidth non-hundred-percent-height-scrolling\" style=\"--awb-border-radius-top-left:0px;--awb-border-radius-top-right:0px;--awb-border-radius-bottom-right:0px;--awb-border-radius-bottom-left:0px;--awb-background-image:linear-gradient(180deg, #cd0000 0%,rgba(205,0,0,0.75) 100%);--awb-flex-wrap:wrap;\" ><div class=\"fusion-builder-row fusion-row fusion-flex-align-items-stretch fusion-flex-justify-content-center fusion-flex-content-wrap\" style=\"max-width:104%;margin-left: calc(-4% \/ 2 );margin-right: calc(-4% \/ 2 );\"><div class=\"fusion-layout-column fusion_builder_column fusion-builder-column-3 fusion_builder_column_1_1 1_1 fusion-flex-column fusion-flex-align-self-stretch\" style=\"--awb-bg-color:rgba(255,255,255,0);--awb-bg-color-hover:rgba(255,255,255,0);--awb-bg-size:cover;--awb-border-color:rgba(125,123,123,0.8);--awb-border-style:solid;--awb-width-large:100%;--awb-margin-top-large:0px;--awb-spacing-right-large:1.92%;--awb-margin-bottom-large:20px;--awb-spacing-left-large:1.92%;--awb-width-medium:100%;--awb-order-medium:0;--awb-spacing-right-medium:1.92%;--awb-spacing-left-medium:1.92%;--awb-width-small:100%;--awb-order-small:0;--awb-spacing-right-small:1.92%;--awb-spacing-left-small:1.92%;\" data-scroll-devices=\"small-visibility,medium-visibility,large-visibility\"><div class=\"fusion-column-wrapper fusion-column-has-shadow fusion-flex-justify-content-center fusion-content-layout-column\"><div class=\"fusion-section-separator section-separator horizon fusion-section-separator-2 separador-pre-footer-empresa\" style=\"--awb-spacer-padding-top:17.3828125%;--awb-sep-font-size:0;--awb-sep-line-height:0;\"><div class=\"fusion-section-separator-svg fusion-section-separator-fullwidth\"><svg class=\"fusion-horizon-candy\" xmlns=\"http:\/\/www.w3.org\/2000\/svg\" version=\"1.1\" width=\"100%\" viewBox=\"0 0 1024 178\" preserveAspectRatio=\"none\" fill=\"rgba(255,255,255,1)\"><path class=\"st0\" d=\"M1024 177.193L507.699 43.254 0 177.193V.041h1024v177.152z\"\/>\n\t\t\t\t\t\t\t\t\t<path class=\"st1\" d=\"M1024 138.076L507.699 43.152 0 138.076V-.266h1024v138.342z\"\/>\n\t\t\t\t\t\t\t\t\t<path class=\"st2\" d=\"M1024 67.728L507.699 43.152 0 67.728V-.266h1024v67.994z\"\/>\n\t\t\t\t\t\t\t\t\t<path class=\"st3\" d=\"M1024 3.625L507.699 43.152 0 3.625V-.266h1024v3.891z\"\/>\n\t\t\t\t\t\t\t\t<\/svg><\/div><div class=\"fusion-section-separator-spacer fusion-section-separator-fullwidth\"><div class=\"fusion-section-separator-spacer-height\"><\/div><\/div><\/div><div style=\"text-align:center;\"><a class=\"fusion-button button-flat button-xlarge button-custom fusion-button-default button-1 fusion-button-default-span fusion-button-default-type button-pre-footer\" style=\"--button_accent_color:#000000;--button_border_color:#ffffff;--button_accent_hover_color:var(--awb-color1);--button_border_hover_color:#ffffff;--button_gradient_top_color:#ffffff;--button_gradient_bottom_color:#ffffff;--button_gradient_top_color_hover:#000000;--button_gradient_bottom_color_hover:#000000;--button_margin-bottom:50px;\" target=\"_self\" href=\"http:\/\/fittexport.com\/de\/technische-information\/\"><span class=\"fusion-button-text awb-button__text awb-button__text--default\">Zur\u00fcck zu den technischen Informationen<\/span><\/a><\/div><\/div><\/div><\/div><\/div><\/p>\n","protected":false},"excerpt":{"rendered":"","protected":false},"author":1,"featured_media":0,"parent":2236,"menu_order":0,"comment_status":"closed","ping_status":"closed","template":"","meta":{"footnotes":""},"class_list":["post-2286","page","type-page","status-publish","hentry"],"yoast_head":"<!-- This site is optimized with the Yoast SEO plugin v26.6 - https:\/\/yoast.com\/wordpress\/plugins\/seo\/ -->\n<title>Ausf\u00fchrungen - Fittexport<\/title>\n<meta name=\"description\" content=\"M\u00f6chten Sie wissen, welche Ausf\u00fchrungen unsere St\u00fccke haben? Greifen Sie zu und Sie k\u00f6nnen sie sehen. Und wenn Sie noch Fragen haben, kontaktieren Sie uns!\" \/>\n<meta name=\"robots\" content=\"index, follow, max-snippet:-1, max-image-preview:large, max-video-preview:-1\" \/>\n<link rel=\"canonical\" href=\"https:\/\/fittexport.com\/de\/technische-information\/ausfuehrungen\/\" \/>\n<meta property=\"og:locale\" content=\"de_DE\" \/>\n<meta property=\"og:type\" content=\"article\" \/>\n<meta property=\"og:title\" content=\"Ausf\u00fchrungen - Fittexport\" \/>\n<meta property=\"og:description\" content=\"M\u00f6chten Sie wissen, welche Ausf\u00fchrungen unsere St\u00fccke haben? Greifen Sie zu und Sie k\u00f6nnen sie sehen. Und wenn Sie noch Fragen haben, kontaktieren Sie uns!\" \/>\n<meta property=\"og:url\" content=\"https:\/\/fittexport.com\/de\/technische-information\/ausfuehrungen\/\" \/>\n<meta property=\"og:site_name\" content=\"Fittexport\" \/>\n<meta property=\"article:publisher\" content=\"https:\/\/www.facebook.com\/fittexport\" \/>\n<meta property=\"article:modified_time\" content=\"2024-07-19T11:22:46+00:00\" \/>\n<meta property=\"og:image\" content=\"https:\/\/fittexport.com\/wp-content\/uploads\/2024\/05\/fittexport.png\" \/>\n\t<meta property=\"og:image:width\" content=\"597\" \/>\n\t<meta property=\"og:image:height\" content=\"182\" \/>\n\t<meta property=\"og:image:type\" content=\"image\/png\" \/>\n<meta name=\"twitter:card\" content=\"summary_large_image\" \/>\n<meta name=\"twitter:site\" content=\"@fittexport\" \/>\n<meta name=\"twitter:label1\" content=\"Gesch\u00e4tzte Lesezeit\" \/>\n\t<meta name=\"twitter:data1\" content=\"26\u00a0Minuten\" \/>\n<script type=\"application\/ld+json\" class=\"yoast-schema-graph\">{\"@context\":\"https:\/\/schema.org\",\"@graph\":[{\"@type\":\"WebPage\",\"@id\":\"https:\/\/fittexport.com\/de\/technische-information\/ausfuehrungen\/\",\"url\":\"https:\/\/fittexport.com\/de\/technische-information\/ausfuehrungen\/\",\"name\":\"Ausf\u00fchrungen - Fittexport\",\"isPartOf\":{\"@id\":\"https:\/\/fittexport.com\/de\/#website\"},\"datePublished\":\"2024-05-30T13:15:47+00:00\",\"dateModified\":\"2024-07-19T11:22:46+00:00\",\"description\":\"M\u00f6chten Sie wissen, welche Ausf\u00fchrungen unsere St\u00fccke haben? Greifen Sie zu und Sie k\u00f6nnen sie sehen. Und wenn Sie noch Fragen haben, kontaktieren Sie uns!\",\"breadcrumb\":{\"@id\":\"https:\/\/fittexport.com\/de\/technische-information\/ausfuehrungen\/#breadcrumb\"},\"inLanguage\":\"de\",\"potentialAction\":[{\"@type\":\"ReadAction\",\"target\":[\"https:\/\/fittexport.com\/de\/technische-information\/ausfuehrungen\/\"]}]},{\"@type\":\"BreadcrumbList\",\"@id\":\"https:\/\/fittexport.com\/de\/technische-information\/ausfuehrungen\/#breadcrumb\",\"itemListElement\":[{\"@type\":\"ListItem\",\"position\":1,\"name\":\"Portada\",\"item\":\"https:\/\/fittexport.com\/de\/\"},{\"@type\":\"ListItem\",\"position\":2,\"name\":\"Technische Information\",\"item\":\"https:\/\/fittexport.com\/de\/technische-information\/\"},{\"@type\":\"ListItem\",\"position\":3,\"name\":\"Ausf\u00fchrungen\"}]},{\"@type\":\"WebSite\",\"@id\":\"https:\/\/fittexport.com\/de\/#website\",\"url\":\"https:\/\/fittexport.com\/de\/\",\"name\":\"Fittexport\",\"description\":\"Fabricando conexiones de acero desde 1982\",\"publisher\":{\"@id\":\"https:\/\/fittexport.com\/de\/#organization\"},\"alternateName\":\"Fittexport: fabricaci\u00f3n de conexiones de acero inoxidable\",\"potentialAction\":[{\"@type\":\"SearchAction\",\"target\":{\"@type\":\"EntryPoint\",\"urlTemplate\":\"https:\/\/fittexport.com\/de\/?s={search_term_string}\"},\"query-input\":{\"@type\":\"PropertyValueSpecification\",\"valueRequired\":true,\"valueName\":\"search_term_string\"}}],\"inLanguage\":\"de\"},{\"@type\":\"Organization\",\"@id\":\"https:\/\/fittexport.com\/de\/#organization\",\"name\":\"Fittexport\",\"alternateName\":\"Fittexport\",\"url\":\"https:\/\/fittexport.com\/de\/\",\"logo\":{\"@type\":\"ImageObject\",\"inLanguage\":\"de\",\"@id\":\"https:\/\/fittexport.com\/de\/#\/schema\/logo\/image\/\",\"url\":\"https:\/\/fittexport.com\/wp-content\/uploads\/2024\/05\/fittexport.png\",\"contentUrl\":\"https:\/\/fittexport.com\/wp-content\/uploads\/2024\/05\/fittexport.png\",\"width\":597,\"height\":182,\"caption\":\"Fittexport\"},\"image\":{\"@id\":\"https:\/\/fittexport.com\/de\/#\/schema\/logo\/image\/\"},\"sameAs\":[\"https:\/\/www.facebook.com\/fittexport\",\"https:\/\/x.com\/fittexport\",\"https:\/\/www.instagram.com\/fittexport\",\"https:\/\/es.linkedin.com\/company\/fittexport-sa\"]}]}<\/script>\n<!-- \/ Yoast SEO plugin. -->","yoast_head_json":{"title":"Ausf\u00fchrungen - Fittexport","description":"M\u00f6chten Sie wissen, welche Ausf\u00fchrungen unsere St\u00fccke haben? Greifen Sie zu und Sie k\u00f6nnen sie sehen. Und wenn Sie noch Fragen haben, kontaktieren Sie uns!","robots":{"index":"index","follow":"follow","max-snippet":"max-snippet:-1","max-image-preview":"max-image-preview:large","max-video-preview":"max-video-preview:-1"},"canonical":"https:\/\/fittexport.com\/de\/technische-information\/ausfuehrungen\/","og_locale":"de_DE","og_type":"article","og_title":"Ausf\u00fchrungen - Fittexport","og_description":"M\u00f6chten Sie wissen, welche Ausf\u00fchrungen unsere St\u00fccke haben? Greifen Sie zu und Sie k\u00f6nnen sie sehen. Und wenn Sie noch Fragen haben, kontaktieren Sie uns!","og_url":"https:\/\/fittexport.com\/de\/technische-information\/ausfuehrungen\/","og_site_name":"Fittexport","article_publisher":"https:\/\/www.facebook.com\/fittexport","article_modified_time":"2024-07-19T11:22:46+00:00","og_image":[{"width":597,"height":182,"url":"https:\/\/fittexport.com\/wp-content\/uploads\/2024\/05\/fittexport.png","type":"image\/png"}],"twitter_card":"summary_large_image","twitter_site":"@fittexport","twitter_misc":{"Gesch\u00e4tzte Lesezeit":"26\u00a0Minuten"},"schema":{"@context":"https:\/\/schema.org","@graph":[{"@type":"WebPage","@id":"https:\/\/fittexport.com\/de\/technische-information\/ausfuehrungen\/","url":"https:\/\/fittexport.com\/de\/technische-information\/ausfuehrungen\/","name":"Ausf\u00fchrungen - Fittexport","isPartOf":{"@id":"https:\/\/fittexport.com\/de\/#website"},"datePublished":"2024-05-30T13:15:47+00:00","dateModified":"2024-07-19T11:22:46+00:00","description":"M\u00f6chten Sie wissen, welche Ausf\u00fchrungen unsere St\u00fccke haben? Greifen Sie zu und Sie k\u00f6nnen sie sehen. Und wenn Sie noch Fragen haben, kontaktieren Sie uns!","breadcrumb":{"@id":"https:\/\/fittexport.com\/de\/technische-information\/ausfuehrungen\/#breadcrumb"},"inLanguage":"de","potentialAction":[{"@type":"ReadAction","target":["https:\/\/fittexport.com\/de\/technische-information\/ausfuehrungen\/"]}]},{"@type":"BreadcrumbList","@id":"https:\/\/fittexport.com\/de\/technische-information\/ausfuehrungen\/#breadcrumb","itemListElement":[{"@type":"ListItem","position":1,"name":"Portada","item":"https:\/\/fittexport.com\/de\/"},{"@type":"ListItem","position":2,"name":"Technische Information","item":"https:\/\/fittexport.com\/de\/technische-information\/"},{"@type":"ListItem","position":3,"name":"Ausf\u00fchrungen"}]},{"@type":"WebSite","@id":"https:\/\/fittexport.com\/de\/#website","url":"https:\/\/fittexport.com\/de\/","name":"Fittexport","description":"Fabricando conexiones de acero desde 1982","publisher":{"@id":"https:\/\/fittexport.com\/de\/#organization"},"alternateName":"Fittexport: fabricaci\u00f3n de conexiones de acero inoxidable","potentialAction":[{"@type":"SearchAction","target":{"@type":"EntryPoint","urlTemplate":"https:\/\/fittexport.com\/de\/?s={search_term_string}"},"query-input":{"@type":"PropertyValueSpecification","valueRequired":true,"valueName":"search_term_string"}}],"inLanguage":"de"},{"@type":"Organization","@id":"https:\/\/fittexport.com\/de\/#organization","name":"Fittexport","alternateName":"Fittexport","url":"https:\/\/fittexport.com\/de\/","logo":{"@type":"ImageObject","inLanguage":"de","@id":"https:\/\/fittexport.com\/de\/#\/schema\/logo\/image\/","url":"https:\/\/fittexport.com\/wp-content\/uploads\/2024\/05\/fittexport.png","contentUrl":"https:\/\/fittexport.com\/wp-content\/uploads\/2024\/05\/fittexport.png","width":597,"height":182,"caption":"Fittexport"},"image":{"@id":"https:\/\/fittexport.com\/de\/#\/schema\/logo\/image\/"},"sameAs":["https:\/\/www.facebook.com\/fittexport","https:\/\/x.com\/fittexport","https:\/\/www.instagram.com\/fittexport","https:\/\/es.linkedin.com\/company\/fittexport-sa"]}]}},"_links":{"self":[{"href":"https:\/\/fittexport.com\/de\/wp-json\/wp\/v2\/pages\/2286","targetHints":{"allow":["GET"]}}],"collection":[{"href":"https:\/\/fittexport.com\/de\/wp-json\/wp\/v2\/pages"}],"about":[{"href":"https:\/\/fittexport.com\/de\/wp-json\/wp\/v2\/types\/page"}],"author":[{"embeddable":true,"href":"https:\/\/fittexport.com\/de\/wp-json\/wp\/v2\/users\/1"}],"replies":[{"embeddable":true,"href":"https:\/\/fittexport.com\/de\/wp-json\/wp\/v2\/comments?post=2286"}],"version-history":[{"count":2,"href":"https:\/\/fittexport.com\/de\/wp-json\/wp\/v2\/pages\/2286\/revisions"}],"predecessor-version":[{"id":2288,"href":"https:\/\/fittexport.com\/de\/wp-json\/wp\/v2\/pages\/2286\/revisions\/2288"}],"up":[{"embeddable":true,"href":"https:\/\/fittexport.com\/de\/wp-json\/wp\/v2\/pages\/2236"}],"wp:attachment":[{"href":"https:\/\/fittexport.com\/de\/wp-json\/wp\/v2\/media?parent=2286"}],"curies":[{"name":"wp","href":"https:\/\/api.w.org\/{rel}","templated":true}]}}