{"id":2175,"date":"2024-05-30T15:14:21","date_gmt":"2024-05-30T13:14:21","guid":{"rendered":"http:\/\/fittexport.com\/cookie-richtlinie\/"},"modified":"2024-07-17T09:14:20","modified_gmt":"2024-07-17T07:14:20","slug":"cookie-richtlinie","status":"publish","type":"page","link":"https:\/\/fittexport.com\/de\/cookie-richtlinie\/","title":{"rendered":"Cookie-Richtlinie"},"content":{"rendered":"<div class=\"fusion-fullwidth fullwidth-box fusion-builder-row-1 fusion-flex-container has-pattern-background has-mask-background nonhundred-percent-fullwidth non-hundred-percent-height-scrolling\" style=\"--awb-border-radius-top-left:0px;--awb-border-radius-top-right:0px;--awb-border-radius-bottom-right:0px;--awb-border-radius-bottom-left:0px;--awb-padding-top:50px;--awb-padding-right:150px;--awb-padding-bottom:150px;--awb-padding-left:150px;--awb-padding-right-medium:25px;--awb-padding-left-medium:25px;--awb-padding-right-small:15px;--awb-padding-left-small:15px;--awb-flex-wrap:wrap;\" ><div class=\"fusion-builder-row fusion-row fusion-flex-align-items-flex-start fusion-flex-content-wrap\" style=\"max-width:104%;margin-left: calc(-4% \/ 2 );margin-right: calc(-4% \/ 2 );\"><div class=\"fusion-layout-column fusion_builder_column fusion-builder-column-0 fusion_builder_column_1_1 1_1 fusion-flex-column\" style=\"--awb-bg-size:cover;--awb-width-large:100%;--awb-margin-top-large:0px;--awb-spacing-right-large:1.92%;--awb-margin-bottom-large:20px;--awb-spacing-left-large:1.92%;--awb-width-medium:100%;--awb-order-medium:0;--awb-spacing-right-medium:1.92%;--awb-spacing-left-medium:1.92%;--awb-width-small:100%;--awb-order-small:0;--awb-spacing-right-small:1.92%;--awb-spacing-left-small:1.92%;\"><div class=\"fusion-column-wrapper fusion-column-has-shadow fusion-flex-justify-content-flex-start fusion-content-layout-column\"><div class=\"fusion-text fusion-text-1\"><h1>Cookie-Richtlinie<\/h1>\n<p>Ein <em>Cookie <\/em> ist eine kleine Textdatei, die in Ihrem Browser gespeichert wird, wenn Sie fast jede Webseite besuchen. Der Nutzen besteht darin, dass sich die Website an Ihren Besuch erinnern kann, wenn Sie diese Seite erneut durchsuchen. <em>Cookies <\/em> speichern in der Regel technische Informationen, pers\u00f6nliche Vorlieben, Inhaltsanpassungen, Nutzungsstatistiken, Links zu sozialen Netzwerken, Zugriff auf Benutzerkonten usw. Der Zweck des <em>Cookies <\/em> besteht darin, den Inhalt der Website an Ihr Profil und Ihre Bed\u00fcrfnisse anzupassen. Ohne <em>Cookies<\/em> w\u00fcrden die von jeder Seite angebotenen Dienste erheblich eingeschr\u00e4nkt. Wenn Sie weitere Informationen dar\u00fcber erhalten m\u00f6chten, was <em>Cookies <\/em> sind, was sie speichern, wie Sie sie l\u00f6schen, deaktivieren usw., <a href=\"https:\/\/www.hominggo.com\/mas-informacion-sobre-las-cookies\/\">klicken Sie bitte auf diesen Link. <\/a><\/p>\n<h4>Auf dieser Website verwendete Cookies<\/h4>\n<p>Gem\u00e4\u00df den Richtlinien der spanischen Datenschutzbeh\u00f6rde erl\u00e4utern wir die Verwendung der auf dieser Website verwendeten <em>Cookies <\/em> im Detail, um Sie so genau wie m\u00f6glich zu informieren.<\/p>\n<p>Diese Website verwendet die folgenden <strong>eigene Cookies<\/strong>:<\/p>\n<ul>\n<li>Sitzungscookies, um sicherzustellen, dass Benutzer, die Kommentare im Blog schreiben, menschliche und keine automatisierten Anwendungen sind. So wird <em>Spam <\/em> bek\u00e4mpft.<\/li>\n<\/ul>\n<p>Diese Website verwendet die folgenden <strong>Cookies von Drittanbietern<\/strong>:<\/p>\n<ul>\n<li>Google Analytics: Speichert <em>Cookies<\/em>, um Statistiken \u00fcber den Verkehr und das Besuchsvolumen auf dieser Website erstellen zu k\u00f6nnen. Durch die Nutzung dieser Website erkl\u00e4ren Sie sich mit der Verarbeitung der \u00fcber Sie erhobenen Daten durch Google einverstanden. Daher muss die Aus\u00fcbung jeglicher diesbez\u00fcglicher Rechte durch direkte Kommunikation mit Google erfolgen.<\/li>\n<li>Soziale Netzwerke: Jedes soziale Netzwerk verwendet seine eigenen <em>Cookies<\/em>, damit Sie auf die Schaltfl\u00e4chen <em>\u201eGef\u00e4llt mir\u201c<\/em> oder <em>\u201eTeilen\u201c<\/em> klicken k\u00f6nnen.<\/li>\n<\/ul>\n<h4>Deaktivierung oder L\u00f6schung von Cookies<\/h4>\n<p>Sie k\u00f6nnen jederzeit von Ihrem Recht Gebrauch machen, Cookies von dieser Website zu deaktivieren oder zu l\u00f6schen. Diese Aktionen werden je nach verwendetem Browser unterschiedlich ausgef\u00fchrt. <a href=\"https:\/\/www.hominggo.com\/mas-informacion-sobre-las-cookies\/#navegadores\">Hier finden Sie eine Kurzanleitung zu den beliebtesten Browsern. <\/a><\/p>\n<h4>Zus\u00e4tzliche Bemerkungen<\/h4>\n<ul>\n<li>Weder diese Website noch ihre gesetzlichen Vertreter sind f\u00fcr den Inhalt oder die Richtigkeit der Datenschutzrichtlinien der in dieser <em>Cookie<\/em>-Richtlinie genannten Dritten verantwortlich.<\/li>\n<li>Webbrowser sind die Werkzeuge, die f\u00fcr die Speicherung von <em>Cookies<\/em> verantwortlich sind. Von hier aus m\u00fcssen Sie von Ihrem Recht Gebrauch machen, diese zu l\u00f6schen oder zu deaktivieren. Weder diese Website noch ihre gesetzlichen Vertreter k\u00f6nnen den korrekten oder fehlerhaften Umgang mit <em>Cookies <\/em> durch die oben genannten Browser garantieren.<\/li>\n<li>In manchen F\u00e4llen ist die Installation von <em>Cookies<\/em> erforderlich, damit der Browser seine Entscheidung, sie nicht zu akzeptieren, nicht vergisst.<\/li>\n<li>Im Falle von Google Analytics-<em>Cookies <\/em> speichert dieses Unternehmen die <em>Cookies<\/em> auf Servern in den Vereinigten Staaten und verpflichtet sich, sie nicht an Dritte weiterzugeben, au\u00dfer in F\u00e4llen, in denen dies f\u00fcr den Betrieb des Systems erforderlich ist oder das Gesetz eine solche Wirkung vorschreibt . Nach Angaben von Google wird Ihre IP-Adresse nicht gespeichert. Google Inc. ist ein Unternehmen, das dem Safe-Harbor-Abkommen beigetreten ist und garantiert, dass alle \u00fcbertragenen Daten mit einem den europ\u00e4ischen Vorschriften entsprechenden Schutzniveau behandelt werden. Detaillierte Informationen hierzu k\u00f6nnen Sie <a href=\"http:\/\/safeharbor.export.gov\/companyinfo.aspx?id=16626\" target=\"_blank\" rel=\"noopener\">unter diesem Link einsehen<\/a>. Wenn Sie Informationen dar\u00fcber w\u00fcnschen, wie Google Cookies verwendet, f\u00fcgen wir <a href=\"https:\/\/developers.google.com\/analytics\/devguides\/collection\/analyticsjs\/cookie-usage?hl=es&amp;csw=1\" target=\"_blank\" rel=\"noopener\">diesen anderen Link<\/a> bei.<\/li>\n<li>Wenn Sie Fragen zu dieser <em>Cookie<\/em>-Richtlinie haben, z\u00f6gern Sie nicht, uns \u00fcber den Kontaktbereich zu kontaktieren.<\/li>\n<\/ul>\n<\/div><\/div><\/div><\/div><\/div>\n","protected":false},"excerpt":{"rendered":"","protected":false},"author":1,"featured_media":0,"parent":0,"menu_order":0,"comment_status":"closed","ping_status":"closed","template":"","meta":{"footnotes":""},"class_list":["post-2175","page","type-page","status-publish","hentry"],"yoast_head":"<!-- This site is optimized with the Yoast SEO plugin v26.6 - https:\/\/yoast.com\/wordpress\/plugins\/seo\/ -->\n<title>Cookie-Richtlinie - Fittexport<\/title>\n<meta name=\"robots\" content=\"index, follow, max-snippet:-1, max-image-preview:large, max-video-preview:-1\" \/>\n<link rel=\"canonical\" href=\"https:\/\/fittexport.com\/de\/cookie-richtlinie\/\" \/>\n<meta property=\"og:locale\" content=\"de_DE\" \/>\n<meta property=\"og:type\" content=\"article\" \/>\n<meta property=\"og:title\" content=\"Cookie-Richtlinie - Fittexport\" \/>\n<meta property=\"og:url\" content=\"https:\/\/fittexport.com\/de\/cookie-richtlinie\/\" \/>\n<meta property=\"og:site_name\" content=\"Fittexport\" \/>\n<meta property=\"article:publisher\" content=\"https:\/\/www.facebook.com\/fittexport\" \/>\n<meta property=\"article:modified_time\" content=\"2024-07-17T07:14:20+00:00\" \/>\n<meta property=\"og:image\" content=\"https:\/\/fittexport.com\/wp-content\/uploads\/2024\/05\/fittexport.png\" \/>\n\t<meta property=\"og:image:width\" content=\"597\" \/>\n\t<meta property=\"og:image:height\" content=\"182\" \/>\n\t<meta property=\"og:image:type\" content=\"image\/png\" \/>\n<meta name=\"twitter:card\" content=\"summary_large_image\" \/>\n<meta name=\"twitter:site\" content=\"@fittexport\" \/>\n<meta name=\"twitter:label1\" content=\"Gesch\u00e4tzte Lesezeit\" \/>\n\t<meta name=\"twitter:data1\" content=\"8\u00a0Minuten\" \/>\n<script type=\"application\/ld+json\" class=\"yoast-schema-graph\">{\"@context\":\"https:\/\/schema.org\",\"@graph\":[{\"@type\":\"WebPage\",\"@id\":\"https:\/\/fittexport.com\/de\/cookie-richtlinie\/\",\"url\":\"https:\/\/fittexport.com\/de\/cookie-richtlinie\/\",\"name\":\"Cookie-Richtlinie - Fittexport\",\"isPartOf\":{\"@id\":\"https:\/\/fittexport.com\/de\/#website\"},\"datePublished\":\"2024-05-30T13:14:21+00:00\",\"dateModified\":\"2024-07-17T07:14:20+00:00\",\"breadcrumb\":{\"@id\":\"https:\/\/fittexport.com\/de\/cookie-richtlinie\/#breadcrumb\"},\"inLanguage\":\"de\",\"potentialAction\":[{\"@type\":\"ReadAction\",\"target\":[\"https:\/\/fittexport.com\/de\/cookie-richtlinie\/\"]}]},{\"@type\":\"BreadcrumbList\",\"@id\":\"https:\/\/fittexport.com\/de\/cookie-richtlinie\/#breadcrumb\",\"itemListElement\":[{\"@type\":\"ListItem\",\"position\":1,\"name\":\"Portada\",\"item\":\"https:\/\/fittexport.com\/de\/\"},{\"@type\":\"ListItem\",\"position\":2,\"name\":\"Cookie-Richtlinie\"}]},{\"@type\":\"WebSite\",\"@id\":\"https:\/\/fittexport.com\/de\/#website\",\"url\":\"https:\/\/fittexport.com\/de\/\",\"name\":\"Fittexport\",\"description\":\"Fabricando conexiones de acero desde 1982\",\"publisher\":{\"@id\":\"https:\/\/fittexport.com\/de\/#organization\"},\"alternateName\":\"Fittexport: fabricaci\u00f3n de conexiones de acero inoxidable\",\"potentialAction\":[{\"@type\":\"SearchAction\",\"target\":{\"@type\":\"EntryPoint\",\"urlTemplate\":\"https:\/\/fittexport.com\/de\/?s={search_term_string}\"},\"query-input\":{\"@type\":\"PropertyValueSpecification\",\"valueRequired\":true,\"valueName\":\"search_term_string\"}}],\"inLanguage\":\"de\"},{\"@type\":\"Organization\",\"@id\":\"https:\/\/fittexport.com\/de\/#organization\",\"name\":\"Fittexport\",\"alternateName\":\"Fittexport\",\"url\":\"https:\/\/fittexport.com\/de\/\",\"logo\":{\"@type\":\"ImageObject\",\"inLanguage\":\"de\",\"@id\":\"https:\/\/fittexport.com\/de\/#\/schema\/logo\/image\/\",\"url\":\"https:\/\/fittexport.com\/wp-content\/uploads\/2024\/05\/fittexport.png\",\"contentUrl\":\"https:\/\/fittexport.com\/wp-content\/uploads\/2024\/05\/fittexport.png\",\"width\":597,\"height\":182,\"caption\":\"Fittexport\"},\"image\":{\"@id\":\"https:\/\/fittexport.com\/de\/#\/schema\/logo\/image\/\"},\"sameAs\":[\"https:\/\/www.facebook.com\/fittexport\",\"https:\/\/x.com\/fittexport\",\"https:\/\/www.instagram.com\/fittexport\",\"https:\/\/es.linkedin.com\/company\/fittexport-sa\"]}]}<\/script>\n<!-- \/ Yoast SEO plugin. -->","yoast_head_json":{"title":"Cookie-Richtlinie - Fittexport","robots":{"index":"index","follow":"follow","max-snippet":"max-snippet:-1","max-image-preview":"max-image-preview:large","max-video-preview":"max-video-preview:-1"},"canonical":"https:\/\/fittexport.com\/de\/cookie-richtlinie\/","og_locale":"de_DE","og_type":"article","og_title":"Cookie-Richtlinie - Fittexport","og_url":"https:\/\/fittexport.com\/de\/cookie-richtlinie\/","og_site_name":"Fittexport","article_publisher":"https:\/\/www.facebook.com\/fittexport","article_modified_time":"2024-07-17T07:14:20+00:00","og_image":[{"width":597,"height":182,"url":"https:\/\/fittexport.com\/wp-content\/uploads\/2024\/05\/fittexport.png","type":"image\/png"}],"twitter_card":"summary_large_image","twitter_site":"@fittexport","twitter_misc":{"Gesch\u00e4tzte Lesezeit":"8\u00a0Minuten"},"schema":{"@context":"https:\/\/schema.org","@graph":[{"@type":"WebPage","@id":"https:\/\/fittexport.com\/de\/cookie-richtlinie\/","url":"https:\/\/fittexport.com\/de\/cookie-richtlinie\/","name":"Cookie-Richtlinie - Fittexport","isPartOf":{"@id":"https:\/\/fittexport.com\/de\/#website"},"datePublished":"2024-05-30T13:14:21+00:00","dateModified":"2024-07-17T07:14:20+00:00","breadcrumb":{"@id":"https:\/\/fittexport.com\/de\/cookie-richtlinie\/#breadcrumb"},"inLanguage":"de","potentialAction":[{"@type":"ReadAction","target":["https:\/\/fittexport.com\/de\/cookie-richtlinie\/"]}]},{"@type":"BreadcrumbList","@id":"https:\/\/fittexport.com\/de\/cookie-richtlinie\/#breadcrumb","itemListElement":[{"@type":"ListItem","position":1,"name":"Portada","item":"https:\/\/fittexport.com\/de\/"},{"@type":"ListItem","position":2,"name":"Cookie-Richtlinie"}]},{"@type":"WebSite","@id":"https:\/\/fittexport.com\/de\/#website","url":"https:\/\/fittexport.com\/de\/","name":"Fittexport","description":"Fabricando conexiones de acero desde 1982","publisher":{"@id":"https:\/\/fittexport.com\/de\/#organization"},"alternateName":"Fittexport: fabricaci\u00f3n de conexiones de acero inoxidable","potentialAction":[{"@type":"SearchAction","target":{"@type":"EntryPoint","urlTemplate":"https:\/\/fittexport.com\/de\/?s={search_term_string}"},"query-input":{"@type":"PropertyValueSpecification","valueRequired":true,"valueName":"search_term_string"}}],"inLanguage":"de"},{"@type":"Organization","@id":"https:\/\/fittexport.com\/de\/#organization","name":"Fittexport","alternateName":"Fittexport","url":"https:\/\/fittexport.com\/de\/","logo":{"@type":"ImageObject","inLanguage":"de","@id":"https:\/\/fittexport.com\/de\/#\/schema\/logo\/image\/","url":"https:\/\/fittexport.com\/wp-content\/uploads\/2024\/05\/fittexport.png","contentUrl":"https:\/\/fittexport.com\/wp-content\/uploads\/2024\/05\/fittexport.png","width":597,"height":182,"caption":"Fittexport"},"image":{"@id":"https:\/\/fittexport.com\/de\/#\/schema\/logo\/image\/"},"sameAs":["https:\/\/www.facebook.com\/fittexport","https:\/\/x.com\/fittexport","https:\/\/www.instagram.com\/fittexport","https:\/\/es.linkedin.com\/company\/fittexport-sa"]}]}},"_links":{"self":[{"href":"https:\/\/fittexport.com\/de\/wp-json\/wp\/v2\/pages\/2175","targetHints":{"allow":["GET"]}}],"collection":[{"href":"https:\/\/fittexport.com\/de\/wp-json\/wp\/v2\/pages"}],"about":[{"href":"https:\/\/fittexport.com\/de\/wp-json\/wp\/v2\/types\/page"}],"author":[{"embeddable":true,"href":"https:\/\/fittexport.com\/de\/wp-json\/wp\/v2\/users\/1"}],"replies":[{"embeddable":true,"href":"https:\/\/fittexport.com\/de\/wp-json\/wp\/v2\/comments?post=2175"}],"version-history":[{"count":1,"href":"https:\/\/fittexport.com\/de\/wp-json\/wp\/v2\/pages\/2175\/revisions"}],"predecessor-version":[{"id":2178,"href":"https:\/\/fittexport.com\/de\/wp-json\/wp\/v2\/pages\/2175\/revisions\/2178"}],"wp:attachment":[{"href":"https:\/\/fittexport.com\/de\/wp-json\/wp\/v2\/media?parent=2175"}],"curies":[{"name":"wp","href":"https:\/\/api.w.org\/{rel}","templated":true}]}}