{"id":2163,"date":"2024-06-12T17:06:23","date_gmt":"2024-06-12T15:06:23","guid":{"rendered":"http:\/\/fittexport.com\/rechtliche-warnung\/"},"modified":"2024-07-17T08:54:14","modified_gmt":"2024-07-17T06:54:14","slug":"rechtliche-warnung","status":"publish","type":"page","link":"https:\/\/fittexport.com\/de\/rechtliche-warnung\/","title":{"rendered":"Rechtliche Warnung"},"content":{"rendered":"<div class=\"fusion-fullwidth fullwidth-box fusion-builder-row-1 fusion-flex-container has-pattern-background has-mask-background nonhundred-percent-fullwidth non-hundred-percent-height-scrolling\" style=\"--awb-border-radius-top-left:0px;--awb-border-radius-top-right:0px;--awb-border-radius-bottom-right:0px;--awb-border-radius-bottom-left:0px;--awb-padding-top:50px;--awb-padding-right:150px;--awb-padding-bottom:150px;--awb-padding-left:150px;--awb-padding-right-medium:25px;--awb-padding-left-medium:25px;--awb-padding-right-small:15px;--awb-padding-left-small:15px;--awb-flex-wrap:wrap;\" ><div class=\"fusion-builder-row fusion-row fusion-flex-align-items-flex-start fusion-flex-content-wrap\" style=\"max-width:104%;margin-left: calc(-4% \/ 2 );margin-right: calc(-4% \/ 2 );\"><div class=\"fusion-layout-column fusion_builder_column fusion-builder-column-0 fusion_builder_column_1_1 1_1 fusion-flex-column\" style=\"--awb-bg-size:cover;--awb-width-large:100%;--awb-margin-top-large:0px;--awb-spacing-right-large:1.92%;--awb-margin-bottom-large:20px;--awb-spacing-left-large:1.92%;--awb-width-medium:100%;--awb-order-medium:0;--awb-spacing-right-medium:1.92%;--awb-spacing-left-medium:1.92%;--awb-width-small:100%;--awb-order-small:0;--awb-spacing-right-small:1.92%;--awb-spacing-left-small:1.92%;\"><div class=\"fusion-column-wrapper fusion-column-has-shadow fusion-flex-justify-content-flex-start fusion-content-layout-column\"><div class=\"fusion-text fusion-text-1\"><h1>Rechtliche Warnung<\/h1>\n<h4>Angaben zum Domaininhaber<\/h4>\n<p>Das Eigentum an der Webdom\u00e4ne WWW.FITTEXPORT.COM ist Eigentum von FITTEXPORT, S.A.U. mit Sitz in der Calle J\u00fapiter 39, 08228 Terrassa (Barcelona) und CIF-Nummer: A08757155 und eingetragen im Handelsregister von Barcelona. Von nun an nennen wir es FITTEXPORT.<\/p>\n<p>FITTEXPORT hat diese Website ver\u00f6ffentlicht, um potenziellen Besuchern Zugang zu Informationen \u00fcber die von ihr angebotenen und im Inhalt aufgef\u00fchrten Dienste zu verschaffen. Die auf dieser Website angezeigten Informationen werden Benutzern, die individuell und privat auf die Website zugreifen, kostenlos zur Verf\u00fcgung gestellt. Die Kommerzialisierung des Zugangsrechts ist ausdr\u00fccklich untersagt.<\/p>\n<h4>Informationsgenauigkeit<\/h4>\n<p>FITTEXPORT ist um die Richtigkeit und Aktualit\u00e4t der auf seiner Website ver\u00f6ffentlichten Informationen bem\u00fcht. Sie \u00fcbernimmt jedoch keine Verantwortung f\u00fcr die Folgen der Lekt\u00fcre. Ebenso ist FITTEXPORT nicht verantwortlich f\u00fcr etwaige Sch\u00e4den, die dem Nutzer durch den Zugriff auf diese Website oder die Nutzung ihrer Inhalte entstehen.<\/p>\n<h4>Links, \u201eLinks\u201c zu Seiten Dritter<\/h4>\n<p>FITTEXPORT kann in seinen Inhalt Links zu Websites einf\u00fcgen, die Dritten geh\u00f6ren und\/oder von diesen verwaltet werden, um den Zugriff auf im Internet verf\u00fcgbare Informationen zu erleichtern. FITTEXPORT \u00fcbernimmt keine Verantwortung f\u00fcr die Existenz von Links zwischen den Inhalten dieser Website und Inhalten au\u00dferhalb dieser Website. Solche Links oder Erw\u00e4hnungen dienen nur zu Informationszwecken und stellen in keinem Fall eine Unterst\u00fctzung, Genehmigung, Marketing oder irgendeine Beziehung zwischen FITTEXPORT und den Personen oder Organisationen dar, die die Autoren und\/oder Manager dieser Inhalte oder Eigent\u00fcmer der Websites sind, auf denen sich diese befinden Sie sind gefunden.<\/p>\n<h4>Garantien und Verantwortlichkeiten<\/h4>\n<p>FITTEXPORT \u00fcbernimmt keine Gew\u00e4hr f\u00fcr den dauerhaften Betrieb der Website oder die Abwesenheit von Softwarefehlern, Kommunikationsausf\u00e4llen oder anderen Hardwareproblemen und ist in keinem Fall f\u00fcr die Folgen verantwortlich, die sich daraus f\u00fcr Benutzer ergeben k\u00f6nnen. FITTEXPORT wird jedoch versuchen, dem Benutzer im Rahmen seiner M\u00f6glichkeiten technische Hilfe zu leisten. Daher wird jede Anfrage nach Informationen oder zur L\u00f6sung von Vorf\u00e4llen im Zusammenhang mit der Website und ihrem Betrieb von FITTEXPORT unter der folgenden Adresse bearbeitet: comercial@fittexport.com<\/p>\n<h4>Cookie-Richtlinie<\/h4>\n<p>Gem\u00e4\u00df Artikel 21 des Gesetzes 34\/2002 vom 11. Juli \u00fcber Dienste der Informationsgesellschaft und elektronischen Handel (LSSI) informieren wir Sie dar\u00fcber, dass diese Website Cookies (kleine Informationsdateien, die der Server an den Computer des Benutzers sendet, der darauf zugreift) verwenden kann Seite).<\/p>\n<p>Bei den von dieser Website verwendeten Cookies handelt es sich um technische Cookies: Diese Cookies werden verwendet, um bestimmte Funktionen auszuf\u00fchren, die f\u00fcr das ordnungsgem\u00e4\u00dfe Funktionieren und Anzeigen der Website als wesentlich erachtet werden. Sie sind vor\u00fcbergehender Natur und dienen ausschlie\u00dflich dazu, die \u00dcbertragung \u00fcber ein elektronisches Kommunikationsnetz effizienter zu gestalten oder, soweit sie unbedingt erforderlich sind, f\u00fcr die Bereitstellung eines vom Benutzer ausdr\u00fccklich gew\u00fcnschten Dienstes und verschwinden am Ende der Sitzung. Unter keinen Umst\u00e4nden werden diese Arten von Cookies zur Erhebung personenbezogener Daten verwendet.<\/p>\n<h4>Rechte an geistigem Eigentum<\/h4>\n<p>Diese Website unterliegt spanischem Recht und ist durch nationale und internationale Gesetze zum Schutz des geistigen Eigentums gesch\u00fctzt.<\/p>\n<p>Alle auf der FITTEXPORT-Seite enthaltenen Elemente (Marken, Designs, Texte, Links, Logos, Bilder, Videos, Tonelemente, Software, Datenbanken, Codes&#8230;) sind durch nationale und internationale Gesetze zum Schutz des geistigen Eigentums gesch\u00fctzt. Diese Elemente sind ausschlie\u00dfliches Eigentum von FITTEXPORT.<\/p>\n<p>Jegliche Vervielf\u00e4ltigung, \u00dcbertragung, Anpassung, \u00dcbersetzung, Modifizierung, \u00f6ffentliche Wiedergabe oder sonstige Nutzung des gesamten oder eines Teils des Inhalts dieser Website, egal in welcher Form oder mit welchen Mitteln, sei es elektronisch, mechanisch oder auf andere Weise, ist strengstens untersagt sofern keine vorherige schriftliche Mitteilung an FITTEXPORT erfolgt. Jeder Versto\u00df gegen diese Rechte kann zu angemessenen zivil- oder strafrechtlichen au\u00dfergerichtlichen oder gerichtlichen Verfahren f\u00fchren.<\/p>\n<p>FITTEXPORT gew\u00e4hrt keinerlei Lizenz oder Nutzungsgenehmigung f\u00fcr seine geistigen und gewerblichen Eigentumsrechte oder andere Eigentumsrechte oder Rechte im Zusammenhang mit dieser Website, ihren Diensten oder ihren Inhalten.<\/p>\n<p>Die Rechtm\u00e4\u00dfigkeit der geistigen oder gewerblichen Eigentumsrechte an den von den Nutzern bereitgestellten Inhalten liegt in der alleinigen Verantwortung des Nutzers.<\/p>\n<h4>Anwendbares Recht und Gerichtsstand<\/h4>\n<p>Diese Bedingungen unterliegen spanischem Recht. Jeder Zweifel, der hinsichtlich ihrer Einhaltung und Auslegung entstehen k\u00f6nnte, wird den Gerichten und Tribunalen der Stadt Barcelona vorgelegt.<\/p>\n<\/div><\/div><\/div><\/div><\/div>\n","protected":false},"excerpt":{"rendered":"","protected":false},"author":1,"featured_media":0,"parent":0,"menu_order":0,"comment_status":"closed","ping_status":"closed","template":"","meta":{"footnotes":""},"class_list":["post-2163","page","type-page","status-publish","hentry"],"yoast_head":"<!-- This site is optimized with the Yoast SEO plugin v26.6 - https:\/\/yoast.com\/wordpress\/plugins\/seo\/ -->\n<title>Rechtliche Warnung - Fittexport<\/title>\n<meta name=\"robots\" content=\"index, follow, max-snippet:-1, max-image-preview:large, max-video-preview:-1\" \/>\n<link rel=\"canonical\" href=\"https:\/\/fittexport.com\/de\/rechtliche-warnung\/\" \/>\n<meta property=\"og:locale\" content=\"de_DE\" \/>\n<meta property=\"og:type\" content=\"article\" \/>\n<meta property=\"og:title\" content=\"Rechtliche Warnung - Fittexport\" \/>\n<meta property=\"og:url\" content=\"https:\/\/fittexport.com\/de\/rechtliche-warnung\/\" \/>\n<meta property=\"og:site_name\" content=\"Fittexport\" \/>\n<meta property=\"article:publisher\" content=\"https:\/\/www.facebook.com\/fittexport\" \/>\n<meta property=\"article:modified_time\" content=\"2024-07-17T06:54:14+00:00\" \/>\n<meta property=\"og:image\" content=\"https:\/\/fittexport.com\/wp-content\/uploads\/2024\/05\/fittexport.png\" \/>\n\t<meta property=\"og:image:width\" content=\"597\" \/>\n\t<meta property=\"og:image:height\" content=\"182\" \/>\n\t<meta property=\"og:image:type\" content=\"image\/png\" \/>\n<meta name=\"twitter:card\" content=\"summary_large_image\" \/>\n<meta name=\"twitter:site\" content=\"@fittexport\" \/>\n<meta name=\"twitter:label1\" content=\"Gesch\u00e4tzte Lesezeit\" \/>\n\t<meta name=\"twitter:data1\" content=\"9\u00a0Minuten\" \/>\n<script type=\"application\/ld+json\" class=\"yoast-schema-graph\">{\"@context\":\"https:\/\/schema.org\",\"@graph\":[{\"@type\":\"WebPage\",\"@id\":\"https:\/\/fittexport.com\/de\/rechtliche-warnung\/\",\"url\":\"https:\/\/fittexport.com\/de\/rechtliche-warnung\/\",\"name\":\"Rechtliche Warnung - Fittexport\",\"isPartOf\":{\"@id\":\"https:\/\/fittexport.com\/de\/#website\"},\"datePublished\":\"2024-06-12T15:06:23+00:00\",\"dateModified\":\"2024-07-17T06:54:14+00:00\",\"breadcrumb\":{\"@id\":\"https:\/\/fittexport.com\/de\/rechtliche-warnung\/#breadcrumb\"},\"inLanguage\":\"de\",\"potentialAction\":[{\"@type\":\"ReadAction\",\"target\":[\"https:\/\/fittexport.com\/de\/rechtliche-warnung\/\"]}]},{\"@type\":\"BreadcrumbList\",\"@id\":\"https:\/\/fittexport.com\/de\/rechtliche-warnung\/#breadcrumb\",\"itemListElement\":[{\"@type\":\"ListItem\",\"position\":1,\"name\":\"Portada\",\"item\":\"https:\/\/fittexport.com\/de\/\"},{\"@type\":\"ListItem\",\"position\":2,\"name\":\"Rechtliche Warnung\"}]},{\"@type\":\"WebSite\",\"@id\":\"https:\/\/fittexport.com\/de\/#website\",\"url\":\"https:\/\/fittexport.com\/de\/\",\"name\":\"Fittexport\",\"description\":\"Fabricando conexiones de acero desde 1982\",\"publisher\":{\"@id\":\"https:\/\/fittexport.com\/de\/#organization\"},\"alternateName\":\"Fittexport: fabricaci\u00f3n de conexiones de acero inoxidable\",\"potentialAction\":[{\"@type\":\"SearchAction\",\"target\":{\"@type\":\"EntryPoint\",\"urlTemplate\":\"https:\/\/fittexport.com\/de\/?s={search_term_string}\"},\"query-input\":{\"@type\":\"PropertyValueSpecification\",\"valueRequired\":true,\"valueName\":\"search_term_string\"}}],\"inLanguage\":\"de\"},{\"@type\":\"Organization\",\"@id\":\"https:\/\/fittexport.com\/de\/#organization\",\"name\":\"Fittexport\",\"alternateName\":\"Fittexport\",\"url\":\"https:\/\/fittexport.com\/de\/\",\"logo\":{\"@type\":\"ImageObject\",\"inLanguage\":\"de\",\"@id\":\"https:\/\/fittexport.com\/de\/#\/schema\/logo\/image\/\",\"url\":\"https:\/\/fittexport.com\/wp-content\/uploads\/2024\/05\/fittexport.png\",\"contentUrl\":\"https:\/\/fittexport.com\/wp-content\/uploads\/2024\/05\/fittexport.png\",\"width\":597,\"height\":182,\"caption\":\"Fittexport\"},\"image\":{\"@id\":\"https:\/\/fittexport.com\/de\/#\/schema\/logo\/image\/\"},\"sameAs\":[\"https:\/\/www.facebook.com\/fittexport\",\"https:\/\/x.com\/fittexport\",\"https:\/\/www.instagram.com\/fittexport\",\"https:\/\/es.linkedin.com\/company\/fittexport-sa\"]}]}<\/script>\n<!-- \/ Yoast SEO plugin. -->","yoast_head_json":{"title":"Rechtliche Warnung - Fittexport","robots":{"index":"index","follow":"follow","max-snippet":"max-snippet:-1","max-image-preview":"max-image-preview:large","max-video-preview":"max-video-preview:-1"},"canonical":"https:\/\/fittexport.com\/de\/rechtliche-warnung\/","og_locale":"de_DE","og_type":"article","og_title":"Rechtliche Warnung - Fittexport","og_url":"https:\/\/fittexport.com\/de\/rechtliche-warnung\/","og_site_name":"Fittexport","article_publisher":"https:\/\/www.facebook.com\/fittexport","article_modified_time":"2024-07-17T06:54:14+00:00","og_image":[{"width":597,"height":182,"url":"https:\/\/fittexport.com\/wp-content\/uploads\/2024\/05\/fittexport.png","type":"image\/png"}],"twitter_card":"summary_large_image","twitter_site":"@fittexport","twitter_misc":{"Gesch\u00e4tzte Lesezeit":"9\u00a0Minuten"},"schema":{"@context":"https:\/\/schema.org","@graph":[{"@type":"WebPage","@id":"https:\/\/fittexport.com\/de\/rechtliche-warnung\/","url":"https:\/\/fittexport.com\/de\/rechtliche-warnung\/","name":"Rechtliche Warnung - Fittexport","isPartOf":{"@id":"https:\/\/fittexport.com\/de\/#website"},"datePublished":"2024-06-12T15:06:23+00:00","dateModified":"2024-07-17T06:54:14+00:00","breadcrumb":{"@id":"https:\/\/fittexport.com\/de\/rechtliche-warnung\/#breadcrumb"},"inLanguage":"de","potentialAction":[{"@type":"ReadAction","target":["https:\/\/fittexport.com\/de\/rechtliche-warnung\/"]}]},{"@type":"BreadcrumbList","@id":"https:\/\/fittexport.com\/de\/rechtliche-warnung\/#breadcrumb","itemListElement":[{"@type":"ListItem","position":1,"name":"Portada","item":"https:\/\/fittexport.com\/de\/"},{"@type":"ListItem","position":2,"name":"Rechtliche Warnung"}]},{"@type":"WebSite","@id":"https:\/\/fittexport.com\/de\/#website","url":"https:\/\/fittexport.com\/de\/","name":"Fittexport","description":"Fabricando conexiones de acero desde 1982","publisher":{"@id":"https:\/\/fittexport.com\/de\/#organization"},"alternateName":"Fittexport: fabricaci\u00f3n de conexiones de acero inoxidable","potentialAction":[{"@type":"SearchAction","target":{"@type":"EntryPoint","urlTemplate":"https:\/\/fittexport.com\/de\/?s={search_term_string}"},"query-input":{"@type":"PropertyValueSpecification","valueRequired":true,"valueName":"search_term_string"}}],"inLanguage":"de"},{"@type":"Organization","@id":"https:\/\/fittexport.com\/de\/#organization","name":"Fittexport","alternateName":"Fittexport","url":"https:\/\/fittexport.com\/de\/","logo":{"@type":"ImageObject","inLanguage":"de","@id":"https:\/\/fittexport.com\/de\/#\/schema\/logo\/image\/","url":"https:\/\/fittexport.com\/wp-content\/uploads\/2024\/05\/fittexport.png","contentUrl":"https:\/\/fittexport.com\/wp-content\/uploads\/2024\/05\/fittexport.png","width":597,"height":182,"caption":"Fittexport"},"image":{"@id":"https:\/\/fittexport.com\/de\/#\/schema\/logo\/image\/"},"sameAs":["https:\/\/www.facebook.com\/fittexport","https:\/\/x.com\/fittexport","https:\/\/www.instagram.com\/fittexport","https:\/\/es.linkedin.com\/company\/fittexport-sa"]}]}},"_links":{"self":[{"href":"https:\/\/fittexport.com\/de\/wp-json\/wp\/v2\/pages\/2163","targetHints":{"allow":["GET"]}}],"collection":[{"href":"https:\/\/fittexport.com\/de\/wp-json\/wp\/v2\/pages"}],"about":[{"href":"https:\/\/fittexport.com\/de\/wp-json\/wp\/v2\/types\/page"}],"author":[{"embeddable":true,"href":"https:\/\/fittexport.com\/de\/wp-json\/wp\/v2\/users\/1"}],"replies":[{"embeddable":true,"href":"https:\/\/fittexport.com\/de\/wp-json\/wp\/v2\/comments?post=2163"}],"version-history":[{"count":2,"href":"https:\/\/fittexport.com\/de\/wp-json\/wp\/v2\/pages\/2163\/revisions"}],"predecessor-version":[{"id":2165,"href":"https:\/\/fittexport.com\/de\/wp-json\/wp\/v2\/pages\/2163\/revisions\/2165"}],"wp:attachment":[{"href":"https:\/\/fittexport.com\/de\/wp-json\/wp\/v2\/media?parent=2163"}],"curies":[{"name":"wp","href":"https:\/\/api.w.org\/{rel}","templated":true}]}}