{"id":2063,"date":"2024-05-30T15:14:06","date_gmt":"2024-05-30T13:14:06","guid":{"rendered":"http:\/\/fittexport.com\/politica-de-privadesa\/"},"modified":"2024-06-20T17:49:45","modified_gmt":"2024-06-20T15:49:45","slug":"politica-de-privadesa","status":"publish","type":"page","link":"https:\/\/fittexport.com\/ca\/politica-de-privadesa\/","title":{"rendered":"Pol\u00edtica de privadesa"},"content":{"rendered":"<div class=\"fusion-fullwidth fullwidth-box fusion-builder-row-1 fusion-flex-container has-pattern-background has-mask-background nonhundred-percent-fullwidth non-hundred-percent-height-scrolling\" style=\"--awb-border-radius-top-left:0px;--awb-border-radius-top-right:0px;--awb-border-radius-bottom-right:0px;--awb-border-radius-bottom-left:0px;--awb-padding-top:50px;--awb-padding-right:150px;--awb-padding-bottom:150px;--awb-padding-left:150px;--awb-padding-right-medium:25px;--awb-padding-left-medium:25px;--awb-padding-right-small:15px;--awb-padding-left-small:15px;--awb-flex-wrap:wrap;\" ><div class=\"fusion-builder-row fusion-row fusion-flex-align-items-flex-start fusion-flex-content-wrap\" style=\"max-width:104%;margin-left: calc(-4% \/ 2 );margin-right: calc(-4% \/ 2 );\"><div class=\"fusion-layout-column fusion_builder_column fusion-builder-column-0 fusion_builder_column_1_1 1_1 fusion-flex-column\" style=\"--awb-bg-size:cover;--awb-width-large:100%;--awb-margin-top-large:0px;--awb-spacing-right-large:1.92%;--awb-margin-bottom-large:20px;--awb-spacing-left-large:1.92%;--awb-width-medium:100%;--awb-order-medium:0;--awb-spacing-right-medium:1.92%;--awb-spacing-left-medium:1.92%;--awb-width-small:100%;--awb-order-small:0;--awb-spacing-right-small:1.92%;--awb-spacing-left-small:1.92%;\"><div class=\"fusion-column-wrapper fusion-column-has-shadow fusion-flex-justify-content-flex-start fusion-content-layout-column\"><div class=\"fusion-text fusion-text-1\"><h1>Pol\u00edtica de privadesa<\/h1>\n<h4>Qui som<\/h4>\n<p>L&#8217;adre\u00e7a de la nostra web \u00e9s: http:\/\/fittexport.com\/<\/p>\n<h4>Comentaris<\/h4>\n<p>Quan els visitants deixen comentaris a la web, recopilem les dades que es mostren al formulari de comentaris, aix\u00ed com l&#8217;adre\u00e7a IP del visitant i la cadena d&#8217;agents d&#8217;usuari del navegador per ajudar a la detecci\u00f3 d&#8217;spam.<\/p>\n<p>Una cadena an\u00f2nima creada a partir de la teva adre\u00e7a de correu electr\u00f2nic (tamb\u00e9 anomenada hash) pot ser proporcionada al servei de Gravatar per veure si l&#8217;est\u00e0s usant. La pol\u00edtica de privadesa del servei Gravatar est\u00e0 disponible aqu\u00ed: https:\/\/automattic.com\/privacy\/. Despr\u00e9s de l&#8217;aprovaci\u00f3 del vostre comentari, la imatge del vostre perfil \u00e9s visible per al p\u00fablic en el context del vostre comentari.<\/p>\n<h4>Mitjans<\/h4>\n<p>Si puges imatges a la web, hauries d&#8217;evitar pujar imatges amb dades d&#8217;ubicaci\u00f3 (GPS EXIF) incloses. Els visitants de la web poden descarregar i extreure qualsevol dada dubicaci\u00f3 de les imatges de la web.<\/p>\n<h4>Cookies<\/h4>\n<p>Si deixes un comentari al nostre lloc pots triar desar el teu nom, adre\u00e7a de correu electr\u00f2nic i web a cookies. Aix\u00f2 \u00e9s per a la teva comoditat, perqu\u00e8 no hagis de tornar a omplir les dades quan deixis un altre comentari. Aquestes galetes tindran una durada d&#8217;un any.<\/p>\n<p>Si tens un compte i et connectes a aquest lloc, instal\u00b7larem una galeta temporal per determinar si el teu navegador accepta galetes. Aquesta galeta no cont\u00e9 dades personals i s&#8217;elimina en tancar el navegador.<\/p>\n<p>Quan hi accedeixis, tamb\u00e9 instal\u00b7larem diverses galetes per desar la teva informaci\u00f3 d&#8217;acc\u00e9s i les teves opcions de visualitzaci\u00f3 de pantalla. Les galetes d&#8217;acc\u00e9s duren dos dies i les galetes d&#8217;opcions de pantalla duren un any. Si seleccioneu \u00abRecordar-me\u00bb, el vostre acc\u00e9s perdurar\u00e0 durant dues setmanes. Si surts del teu compte, les galetes d&#8217;acc\u00e9s s&#8217;eliminaran.<\/p>\n<p>Si edites o publiques un article es guardar\u00e0 una galeta addicional al teu navegador. Aquesta galeta no inclou dades personals i simplement indica l&#8217;ID de l&#8217;article que acabeu d&#8217;editar. Caduca despr\u00e9s d&#8217;un dia.<\/p>\n<p>Puedes consultar m\u00e1s informaci\u00f3n sobre las cookies aqu\u00ed: http:\/\/fittexport.com\/ca\/politica-de-cookies\/<\/p>\n<h4>Contenido incrustado de otros sitios web<\/h4>\n<p>Els articles d&#8217;aquest lloc web poden incloure contingut incrustat (per exemple, v\u00eddeos, imatges, articles, etc.). El contingut incrustat d&#8217;altres webs es comporta exactament de la mateixa manera que si el visitant hagu\u00e9s visitat l&#8217;altra web.<\/p>\n<p>Aquestes webs poden recopilar dades sobre tu, utilitzar cookies, incrustar un seguiment addicional de tercers, i supervisar la teva interacci\u00f3 amb aquest contingut incrustat, incl\u00f2s el seguiment de la teva interacci\u00f3 amb el contingut incrustat si tens un compte i est\u00e0s connectat a aquest web.<\/p>\n<h4>Amb qui compartim les teves dades<\/h4>\n<p>Si sol\u00b7liciteu un restabliment de contrasenya, la vostra adre\u00e7a IP s&#8217;inclour\u00e0 al correu electr\u00f2nic de restabliment.<\/p>\n<h4>Quant de temps conservem les teves dades<\/h4>\n<p>Si deixeu un comentari, el comentari i les seves metadades es conserven indefinidament. Aix\u00f2 \u00e9s perqu\u00e8 puguem recon\u00e8ixer i aprovar comentaris successius autom\u00e0ticament, en lloc de mantenir-los en una cua de moderaci\u00f3.<\/p>\n<p>Dels usuaris que es registren a la nostra web (si n&#8217;hi ha), tamb\u00e9 emmagatzemem la informaci\u00f3 personal que proporcionen al vostre perfil d&#8217;usuari. Tots els usuaris poden veure, editar o eliminar la vostra informaci\u00f3 personal en qualsevol moment (excepte que no poden canviar el vostre nom d&#8217;usuari). Els administradors de la web tamb\u00e9 poden veure i editar aquesta informaci\u00f3.<\/p>\n<h4>Quins drets tens sobre les teves dades<\/h4>\n<p>Si tens un compte o has deixat comentaris en aquesta web, pots sol\u00b7licitar rebre un fitxer d&#8217;exportaci\u00f3 de les dades personals que tenim sobre tu, incloent-hi qualsevol dada que ens hagis proporcionat. Tamb\u00e9 pots sol\u00b7licitar que eliminem qualsevol dada personal que tinguem sobre tu. Aix\u00f2 no inclou cap dada que estiguem obligats a conservar amb fins administratius, legals o de seguretat.<\/p>\n<h4>On s&#8217;envien les vostres dades<\/h4>\n<p>Els comentaris dels visitants poden ser revisats per un servei de detecci\u00f3 autom\u00e0tica d&#8217;spam.<\/p>\n<\/div><\/div><\/div><\/div><\/div>\n","protected":false},"excerpt":{"rendered":"","protected":false},"author":1,"featured_media":0,"parent":0,"menu_order":0,"comment_status":"closed","ping_status":"closed","template":"","meta":{"footnotes":""},"class_list":["post-2063","page","type-page","status-publish","hentry"],"yoast_head":"<!-- This site is optimized with the Yoast SEO plugin v26.6 - https:\/\/yoast.com\/wordpress\/plugins\/seo\/ -->\n<title>Pol\u00edtica de privadesa - Fittexport<\/title>\n<meta name=\"robots\" content=\"index, follow, max-snippet:-1, max-image-preview:large, max-video-preview:-1\" \/>\n<link rel=\"canonical\" href=\"https:\/\/fittexport.com\/ca\/politica-de-privadesa\/\" \/>\n<meta property=\"og:locale\" content=\"ca_ES\" \/>\n<meta property=\"og:type\" content=\"article\" \/>\n<meta property=\"og:title\" content=\"Pol\u00edtica de privadesa - Fittexport\" \/>\n<meta property=\"og:url\" content=\"https:\/\/fittexport.com\/ca\/politica-de-privadesa\/\" \/>\n<meta property=\"og:site_name\" content=\"Fittexport\" \/>\n<meta property=\"article:publisher\" content=\"https:\/\/www.facebook.com\/fittexport\" \/>\n<meta property=\"article:modified_time\" content=\"2024-06-20T15:49:45+00:00\" \/>\n<meta property=\"og:image\" content=\"https:\/\/fittexport.com\/wp-content\/uploads\/2024\/05\/fittexport.png\" \/>\n\t<meta property=\"og:image:width\" content=\"597\" \/>\n\t<meta property=\"og:image:height\" content=\"182\" \/>\n\t<meta property=\"og:image:type\" content=\"image\/png\" \/>\n<meta name=\"twitter:card\" content=\"summary_large_image\" \/>\n<meta name=\"twitter:site\" content=\"@fittexport\" \/>\n<meta name=\"twitter:label1\" content=\"Temps estimat de lectura\" \/>\n\t<meta name=\"twitter:data1\" content=\"9 minuts\" \/>\n<script type=\"application\/ld+json\" class=\"yoast-schema-graph\">{\"@context\":\"https:\/\/schema.org\",\"@graph\":[{\"@type\":\"WebPage\",\"@id\":\"https:\/\/fittexport.com\/ca\/politica-de-privadesa\/\",\"url\":\"https:\/\/fittexport.com\/ca\/politica-de-privadesa\/\",\"name\":\"Pol\u00edtica de privadesa - Fittexport\",\"isPartOf\":{\"@id\":\"https:\/\/fittexport.com\/ca\/#website\"},\"datePublished\":\"2024-05-30T13:14:06+00:00\",\"dateModified\":\"2024-06-20T15:49:45+00:00\",\"breadcrumb\":{\"@id\":\"https:\/\/fittexport.com\/ca\/politica-de-privadesa\/#breadcrumb\"},\"inLanguage\":\"ca\",\"potentialAction\":[{\"@type\":\"ReadAction\",\"target\":[\"https:\/\/fittexport.com\/ca\/politica-de-privadesa\/\"]}]},{\"@type\":\"BreadcrumbList\",\"@id\":\"https:\/\/fittexport.com\/ca\/politica-de-privadesa\/#breadcrumb\",\"itemListElement\":[{\"@type\":\"ListItem\",\"position\":1,\"name\":\"Portada\",\"item\":\"https:\/\/fittexport.com\/ca\/\"},{\"@type\":\"ListItem\",\"position\":2,\"name\":\"Pol\u00edtica de privadesa\"}]},{\"@type\":\"WebSite\",\"@id\":\"https:\/\/fittexport.com\/ca\/#website\",\"url\":\"https:\/\/fittexport.com\/ca\/\",\"name\":\"Fittexport\",\"description\":\"Fabricando conexiones de acero desde 1982\",\"publisher\":{\"@id\":\"https:\/\/fittexport.com\/ca\/#organization\"},\"alternateName\":\"Fittexport: fabricaci\u00f3n de conexiones de acero inoxidable\",\"potentialAction\":[{\"@type\":\"SearchAction\",\"target\":{\"@type\":\"EntryPoint\",\"urlTemplate\":\"https:\/\/fittexport.com\/ca\/?s={search_term_string}\"},\"query-input\":{\"@type\":\"PropertyValueSpecification\",\"valueRequired\":true,\"valueName\":\"search_term_string\"}}],\"inLanguage\":\"ca\"},{\"@type\":\"Organization\",\"@id\":\"https:\/\/fittexport.com\/ca\/#organization\",\"name\":\"Fittexport\",\"alternateName\":\"Fittexport\",\"url\":\"https:\/\/fittexport.com\/ca\/\",\"logo\":{\"@type\":\"ImageObject\",\"inLanguage\":\"ca\",\"@id\":\"https:\/\/fittexport.com\/ca\/#\/schema\/logo\/image\/\",\"url\":\"https:\/\/fittexport.com\/wp-content\/uploads\/2024\/05\/fittexport.png\",\"contentUrl\":\"https:\/\/fittexport.com\/wp-content\/uploads\/2024\/05\/fittexport.png\",\"width\":597,\"height\":182,\"caption\":\"Fittexport\"},\"image\":{\"@id\":\"https:\/\/fittexport.com\/ca\/#\/schema\/logo\/image\/\"},\"sameAs\":[\"https:\/\/www.facebook.com\/fittexport\",\"https:\/\/x.com\/fittexport\",\"https:\/\/www.instagram.com\/fittexport\",\"https:\/\/es.linkedin.com\/company\/fittexport-sa\"]}]}<\/script>\n<!-- \/ Yoast SEO plugin. -->","yoast_head_json":{"title":"Pol\u00edtica de privadesa - Fittexport","robots":{"index":"index","follow":"follow","max-snippet":"max-snippet:-1","max-image-preview":"max-image-preview:large","max-video-preview":"max-video-preview:-1"},"canonical":"https:\/\/fittexport.com\/ca\/politica-de-privadesa\/","og_locale":"ca_ES","og_type":"article","og_title":"Pol\u00edtica de privadesa - Fittexport","og_url":"https:\/\/fittexport.com\/ca\/politica-de-privadesa\/","og_site_name":"Fittexport","article_publisher":"https:\/\/www.facebook.com\/fittexport","article_modified_time":"2024-06-20T15:49:45+00:00","og_image":[{"width":597,"height":182,"url":"https:\/\/fittexport.com\/wp-content\/uploads\/2024\/05\/fittexport.png","type":"image\/png"}],"twitter_card":"summary_large_image","twitter_site":"@fittexport","twitter_misc":{"Temps estimat de lectura":"9 minuts"},"schema":{"@context":"https:\/\/schema.org","@graph":[{"@type":"WebPage","@id":"https:\/\/fittexport.com\/ca\/politica-de-privadesa\/","url":"https:\/\/fittexport.com\/ca\/politica-de-privadesa\/","name":"Pol\u00edtica de privadesa - Fittexport","isPartOf":{"@id":"https:\/\/fittexport.com\/ca\/#website"},"datePublished":"2024-05-30T13:14:06+00:00","dateModified":"2024-06-20T15:49:45+00:00","breadcrumb":{"@id":"https:\/\/fittexport.com\/ca\/politica-de-privadesa\/#breadcrumb"},"inLanguage":"ca","potentialAction":[{"@type":"ReadAction","target":["https:\/\/fittexport.com\/ca\/politica-de-privadesa\/"]}]},{"@type":"BreadcrumbList","@id":"https:\/\/fittexport.com\/ca\/politica-de-privadesa\/#breadcrumb","itemListElement":[{"@type":"ListItem","position":1,"name":"Portada","item":"https:\/\/fittexport.com\/ca\/"},{"@type":"ListItem","position":2,"name":"Pol\u00edtica de privadesa"}]},{"@type":"WebSite","@id":"https:\/\/fittexport.com\/ca\/#website","url":"https:\/\/fittexport.com\/ca\/","name":"Fittexport","description":"Fabricando conexiones de acero desde 1982","publisher":{"@id":"https:\/\/fittexport.com\/ca\/#organization"},"alternateName":"Fittexport: fabricaci\u00f3n de conexiones de acero inoxidable","potentialAction":[{"@type":"SearchAction","target":{"@type":"EntryPoint","urlTemplate":"https:\/\/fittexport.com\/ca\/?s={search_term_string}"},"query-input":{"@type":"PropertyValueSpecification","valueRequired":true,"valueName":"search_term_string"}}],"inLanguage":"ca"},{"@type":"Organization","@id":"https:\/\/fittexport.com\/ca\/#organization","name":"Fittexport","alternateName":"Fittexport","url":"https:\/\/fittexport.com\/ca\/","logo":{"@type":"ImageObject","inLanguage":"ca","@id":"https:\/\/fittexport.com\/ca\/#\/schema\/logo\/image\/","url":"https:\/\/fittexport.com\/wp-content\/uploads\/2024\/05\/fittexport.png","contentUrl":"https:\/\/fittexport.com\/wp-content\/uploads\/2024\/05\/fittexport.png","width":597,"height":182,"caption":"Fittexport"},"image":{"@id":"https:\/\/fittexport.com\/ca\/#\/schema\/logo\/image\/"},"sameAs":["https:\/\/www.facebook.com\/fittexport","https:\/\/x.com\/fittexport","https:\/\/www.instagram.com\/fittexport","https:\/\/es.linkedin.com\/company\/fittexport-sa"]}]}},"_links":{"self":[{"href":"https:\/\/fittexport.com\/ca\/wp-json\/wp\/v2\/pages\/2063","targetHints":{"allow":["GET"]}}],"collection":[{"href":"https:\/\/fittexport.com\/ca\/wp-json\/wp\/v2\/pages"}],"about":[{"href":"https:\/\/fittexport.com\/ca\/wp-json\/wp\/v2\/types\/page"}],"author":[{"embeddable":true,"href":"https:\/\/fittexport.com\/ca\/wp-json\/wp\/v2\/users\/1"}],"replies":[{"embeddable":true,"href":"https:\/\/fittexport.com\/ca\/wp-json\/wp\/v2\/comments?post=2063"}],"version-history":[{"count":4,"href":"https:\/\/fittexport.com\/ca\/wp-json\/wp\/v2\/pages\/2063\/revisions"}],"predecessor-version":[{"id":2070,"href":"https:\/\/fittexport.com\/ca\/wp-json\/wp\/v2\/pages\/2063\/revisions\/2070"}],"wp:attachment":[{"href":"https:\/\/fittexport.com\/ca\/wp-json\/wp\/v2\/media?parent=2063"}],"curies":[{"name":"wp","href":"https:\/\/api.w.org\/{rel}","templated":true}]}}