{"id":2050,"date":"2024-06-12T17:06:23","date_gmt":"2024-06-12T15:06:23","guid":{"rendered":"http:\/\/fittexport.com\/avis-legal\/"},"modified":"2024-06-20T17:10:29","modified_gmt":"2024-06-20T15:10:29","slug":"avis-legal","status":"publish","type":"page","link":"https:\/\/fittexport.com\/ca\/avis-legal\/","title":{"rendered":"Av\u00eds legal"},"content":{"rendered":"<div class=\"fusion-fullwidth fullwidth-box fusion-builder-row-1 fusion-flex-container has-pattern-background has-mask-background nonhundred-percent-fullwidth non-hundred-percent-height-scrolling\" style=\"--awb-border-radius-top-left:0px;--awb-border-radius-top-right:0px;--awb-border-radius-bottom-right:0px;--awb-border-radius-bottom-left:0px;--awb-padding-top:50px;--awb-padding-right:150px;--awb-padding-bottom:150px;--awb-padding-left:150px;--awb-padding-right-medium:25px;--awb-padding-left-medium:25px;--awb-padding-right-small:15px;--awb-padding-left-small:15px;--awb-flex-wrap:wrap;\" ><div class=\"fusion-builder-row fusion-row fusion-flex-align-items-flex-start fusion-flex-content-wrap\" style=\"max-width:104%;margin-left: calc(-4% \/ 2 );margin-right: calc(-4% \/ 2 );\"><div class=\"fusion-layout-column fusion_builder_column fusion-builder-column-0 fusion_builder_column_1_1 1_1 fusion-flex-column\" style=\"--awb-bg-size:cover;--awb-width-large:100%;--awb-margin-top-large:0px;--awb-spacing-right-large:1.92%;--awb-margin-bottom-large:20px;--awb-spacing-left-large:1.92%;--awb-width-medium:100%;--awb-order-medium:0;--awb-spacing-right-medium:1.92%;--awb-spacing-left-medium:1.92%;--awb-width-small:100%;--awb-order-small:0;--awb-spacing-right-small:1.92%;--awb-spacing-left-small:1.92%;\"><div class=\"fusion-column-wrapper fusion-column-has-shadow fusion-flex-justify-content-flex-start fusion-content-layout-column\"><div class=\"fusion-text fusion-text-1\"><h1>Av\u00eds legal<\/h1>\n<h4>Dades del titular del domini<\/h4>\n<p>La titularitat del domini web WWW.FITTEXPORT.COM \u00e9s propietat de FITTEXPORT, S.A.U. amb domicili social al carrer J\u00fapiter 39, 08228 Terrassa (Barcelona) i CIF n\u00famero: A08757155, i inscrita al registre mercantil de Barcelona. D&#8217;ara endavant ens referim com a FITTEXPORT.<\/p>\n<p>FITTEXPORT ha publicat aquest lloc web per facilitar als visitants potencials l&#8217;acc\u00e9s a la informaci\u00f3 referida als serveis que posa a la seva disposici\u00f3 i que es troben detallats en els seus continguts. La informaci\u00f3 exposada en aquest lloc web es deixa a la lliure disposici\u00f3 dels usuaris que accedeixin al lloc web de manera particular i individual, sense cap cost. Queda expressament prohibida la comercialitzaci\u00f3 del dret dacc\u00e9s.<\/p>\n<h4>Exactitud de la informaci\u00f3<\/h4>\n<p>FITTEXPORT posa el m\u00e0xim afany en l&#8217;exactitud i actualitzaci\u00f3 de la informaci\u00f3 publicada al vostre lloc web. Tanmateix, no es responsabilitza de les conseq\u00fc\u00e8ncies de la lectura. Aix\u00ed mateix, FITTEXPORT no es responsabilitza de cap dany o perjudici que hagi patit l&#8217;usuari que pogu\u00e9s derivar-se de l&#8217;acc\u00e9s a aquest lloc web o de l&#8217;\u00fas dels continguts del mateix.<\/p>\n<h4>Enlla\u00e7os, links a p\u00e0gines de tercers<\/h4>\n<p>FITTEXPORT pot incloure dins dels seus continguts enlla\u00e7os amb llocs pertanyents i\/o gestionats per tercers per facilitar l&#8217;acc\u00e9s a informaci\u00f3 disponible a trav\u00e9s d&#8217;Internet. FITTEXPORT no assumeix cap responsabilitat derivada de l\u201fexist\u00e8ncia d\u201fenlla\u00e7os entre els continguts d\u201faquest lloc i continguts situats fora del mateix. Aquests enlla\u00e7os o mencions tenen una finalitat exclusivament informativa i, en cap cas, impliquen el suport, aprovaci\u00f3, comercialitzaci\u00f3 o cap relaci\u00f3 entre FITTEXPORT i les persones o entitats autores i\/o gestores de tals continguts o titulars dels llocs on es trobin.<\/p>\n<h4>Garanties i Responsabilitats<\/h4>\n<p>FITTEXPORT no garanteix el funcionament permanent del lloc web ni la inexist\u00e8ncia d&#8217;errors de programari, errades en les comunicacions o altres problemes de Hardware, no responent en cap cas de les conseq\u00fc\u00e8ncies que es puguin derivar dels mateixos per als usuaris. No obstant aix\u00f2, FITTEXPORT intentar\u00e0 facilitar en la mesura de les seves possibilitats ajuda t\u00e8cnica a l&#8217;usuari, per la qual cosa qualsevol petici\u00f3 d&#8217;informaci\u00f3 o resoluci\u00f3 d&#8217;incid\u00e8ncies, en relaci\u00f3 amb el web i el seu funcionament, ser\u00e0 atesa per FITTEXPORT a l&#8217;adre\u00e7a seg\u00fcent: comercial@fittexport. com<\/p>\n<h4>Pol\u00edtica de cookies<\/h4>\n<p>En compliment de l&#8217;article 21 de la Llei 34\/2002 d&#8217;11 de juliol de serveis de societat de la informaci\u00f3 i comer\u00e7 electr\u00f2nic (LSSI), us informem que aquest lloc web pot utilitzar Cookies (petits arxius d&#8217;informaci\u00f3 que el servidor envia a l&#8217;ordinador de qui accedeix a la p\u00e0gina).<\/p>\n<p>Les galetes que utilitza aquest lloc web s\u00f3n galetes t\u00e8cniques: Aquestes galetes s&#8217;utilitzen per dur a terme determinades funcions que s\u00f3n considerades imprescindibles per al correcte funcionament i visualitzaci\u00f3 del lloc web. S\u00f3n de car\u00e0cter temporal, i tenen com a \u00fanica finalitat fer m\u00e9s efica\u00e7 la transmissi\u00f3 per una xarxa de comunicacions electr\u00f2niques o, en la mesura que siguin estrictament necess\u00e0ries, per a la prestaci\u00f3 d&#8217;un servei expressament sol\u00b7licitat per l&#8217;usuari, i desapareixen en acabar la sessi\u00f3. En cap cas, aquest tipus de galetes s&#8217;utilitzen per recollir informaci\u00f3 de car\u00e0cter personal.<\/p>\n<h4>Drets de propietat intel\u00b7lectual<\/h4>\n<p>Aquest Lloc Web es regeix per les lleis espanyoles i est\u00e0 protegit per la legislaci\u00f3 nacional i internacional sobre propietat intel\u00b7lectual.<\/p>\n<p>Tots els elements (marques, dissenys, textos, enlla\u00e7os, logos, imatges, v\u00eddeos, elements sonors, programari, bases de dades, codis&#8230;) continguts a la p\u00e0gina de FITTEXPORT estan protegits pel dret nacional i internacional de propietat intel\u00b7lectual. Aquests elements s\u00f3n propietat exclusiva de FITTEXPORT.<\/p>\n<p>Qualsevol reproducci\u00f3, transmissi\u00f3, adaptaci\u00f3, traducci\u00f3, modificaci\u00f3, comunicaci\u00f3 al p\u00fablic, o qualsevol altra explotaci\u00f3 de tot o part del contingut d&#8217;aquest Lloc Web, efectuada de qualsevol manera o per qualsevol mitj\u00e0, electr\u00f2nic, mec\u00e0nic o altre, estan estrictament prohibits excepte autoritzaci\u00f3 pr\u00e8via per escrit de FITTEXPORT. Qualsevol infracci\u00f3 daquests drets pot donar lloc a procediments extrajudicials o judicials civils o penals que corresponguin.<\/p>\n<p>FITTEXPORT no concedeix cap llic\u00e8ncia o autoritzaci\u00f3 d&#8217;\u00fas de cap classe sobre els seus drets de propietat intel\u00b7lectual i industrial o sobre qualsevol altra propietat o dret relacionat amb aquest web, els serveis o els continguts del mateix.<\/p>\n<p>La legitimitat dels drets de propietat intel\u00b7lectual o industrial corresponents als continguts aportats pels usuaris \u00e9s de la seva exclusiva responsabilitat.<\/p>\n<h4>Llei i Jurisdicci\u00f3 aplicable<\/h4>\n<p>Aquestes condicions es regeixen per la llei espanyola. Qualsevol dubte que pugui sorgir en el compliment i la interpretaci\u00f3 de les mateixes, se sotmetr\u00e0 als Jutjats i Tribunals de la ciutat de Barcelona.<\/p>\n<\/div><\/div><\/div><\/div><\/div>\n","protected":false},"excerpt":{"rendered":"","protected":false},"author":1,"featured_media":0,"parent":0,"menu_order":0,"comment_status":"closed","ping_status":"closed","template":"","meta":{"footnotes":""},"class_list":["post-2050","page","type-page","status-publish","hentry"],"yoast_head":"<!-- This site is optimized with the Yoast SEO plugin v26.6 - https:\/\/yoast.com\/wordpress\/plugins\/seo\/ -->\n<title>Av\u00eds legal - Fittexport<\/title>\n<meta name=\"robots\" content=\"index, follow, max-snippet:-1, max-image-preview:large, max-video-preview:-1\" \/>\n<link rel=\"canonical\" href=\"https:\/\/fittexport.com\/ca\/avis-legal\/\" \/>\n<meta property=\"og:locale\" content=\"ca_ES\" \/>\n<meta property=\"og:type\" content=\"article\" \/>\n<meta property=\"og:title\" content=\"Av\u00eds legal - Fittexport\" \/>\n<meta property=\"og:url\" content=\"https:\/\/fittexport.com\/ca\/avis-legal\/\" \/>\n<meta property=\"og:site_name\" content=\"Fittexport\" \/>\n<meta property=\"article:publisher\" content=\"https:\/\/www.facebook.com\/fittexport\" \/>\n<meta property=\"article:modified_time\" content=\"2024-06-20T15:10:29+00:00\" \/>\n<meta property=\"og:image\" content=\"https:\/\/fittexport.com\/wp-content\/uploads\/2024\/05\/fittexport.png\" \/>\n\t<meta property=\"og:image:width\" content=\"597\" \/>\n\t<meta property=\"og:image:height\" content=\"182\" \/>\n\t<meta property=\"og:image:type\" content=\"image\/png\" \/>\n<meta name=\"twitter:card\" content=\"summary_large_image\" \/>\n<meta name=\"twitter:site\" content=\"@fittexport\" \/>\n<meta name=\"twitter:label1\" content=\"Temps estimat de lectura\" \/>\n\t<meta name=\"twitter:data1\" content=\"9 minuts\" \/>\n<script type=\"application\/ld+json\" class=\"yoast-schema-graph\">{\"@context\":\"https:\/\/schema.org\",\"@graph\":[{\"@type\":\"WebPage\",\"@id\":\"https:\/\/fittexport.com\/ca\/avis-legal\/\",\"url\":\"https:\/\/fittexport.com\/ca\/avis-legal\/\",\"name\":\"Av\u00eds legal - Fittexport\",\"isPartOf\":{\"@id\":\"https:\/\/fittexport.com\/ca\/#website\"},\"datePublished\":\"2024-06-12T15:06:23+00:00\",\"dateModified\":\"2024-06-20T15:10:29+00:00\",\"breadcrumb\":{\"@id\":\"https:\/\/fittexport.com\/ca\/avis-legal\/#breadcrumb\"},\"inLanguage\":\"ca\",\"potentialAction\":[{\"@type\":\"ReadAction\",\"target\":[\"https:\/\/fittexport.com\/ca\/avis-legal\/\"]}]},{\"@type\":\"BreadcrumbList\",\"@id\":\"https:\/\/fittexport.com\/ca\/avis-legal\/#breadcrumb\",\"itemListElement\":[{\"@type\":\"ListItem\",\"position\":1,\"name\":\"Portada\",\"item\":\"https:\/\/fittexport.com\/ca\/\"},{\"@type\":\"ListItem\",\"position\":2,\"name\":\"Av\u00eds legal\"}]},{\"@type\":\"WebSite\",\"@id\":\"https:\/\/fittexport.com\/ca\/#website\",\"url\":\"https:\/\/fittexport.com\/ca\/\",\"name\":\"Fittexport\",\"description\":\"Fabricando conexiones de acero desde 1982\",\"publisher\":{\"@id\":\"https:\/\/fittexport.com\/ca\/#organization\"},\"alternateName\":\"Fittexport: fabricaci\u00f3n de conexiones de acero inoxidable\",\"potentialAction\":[{\"@type\":\"SearchAction\",\"target\":{\"@type\":\"EntryPoint\",\"urlTemplate\":\"https:\/\/fittexport.com\/ca\/?s={search_term_string}\"},\"query-input\":{\"@type\":\"PropertyValueSpecification\",\"valueRequired\":true,\"valueName\":\"search_term_string\"}}],\"inLanguage\":\"ca\"},{\"@type\":\"Organization\",\"@id\":\"https:\/\/fittexport.com\/ca\/#organization\",\"name\":\"Fittexport\",\"alternateName\":\"Fittexport\",\"url\":\"https:\/\/fittexport.com\/ca\/\",\"logo\":{\"@type\":\"ImageObject\",\"inLanguage\":\"ca\",\"@id\":\"https:\/\/fittexport.com\/ca\/#\/schema\/logo\/image\/\",\"url\":\"https:\/\/fittexport.com\/wp-content\/uploads\/2024\/05\/fittexport.png\",\"contentUrl\":\"https:\/\/fittexport.com\/wp-content\/uploads\/2024\/05\/fittexport.png\",\"width\":597,\"height\":182,\"caption\":\"Fittexport\"},\"image\":{\"@id\":\"https:\/\/fittexport.com\/ca\/#\/schema\/logo\/image\/\"},\"sameAs\":[\"https:\/\/www.facebook.com\/fittexport\",\"https:\/\/x.com\/fittexport\",\"https:\/\/www.instagram.com\/fittexport\",\"https:\/\/es.linkedin.com\/company\/fittexport-sa\"]}]}<\/script>\n<!-- \/ Yoast SEO plugin. -->","yoast_head_json":{"title":"Av\u00eds legal - Fittexport","robots":{"index":"index","follow":"follow","max-snippet":"max-snippet:-1","max-image-preview":"max-image-preview:large","max-video-preview":"max-video-preview:-1"},"canonical":"https:\/\/fittexport.com\/ca\/avis-legal\/","og_locale":"ca_ES","og_type":"article","og_title":"Av\u00eds legal - Fittexport","og_url":"https:\/\/fittexport.com\/ca\/avis-legal\/","og_site_name":"Fittexport","article_publisher":"https:\/\/www.facebook.com\/fittexport","article_modified_time":"2024-06-20T15:10:29+00:00","og_image":[{"width":597,"height":182,"url":"https:\/\/fittexport.com\/wp-content\/uploads\/2024\/05\/fittexport.png","type":"image\/png"}],"twitter_card":"summary_large_image","twitter_site":"@fittexport","twitter_misc":{"Temps estimat de lectura":"9 minuts"},"schema":{"@context":"https:\/\/schema.org","@graph":[{"@type":"WebPage","@id":"https:\/\/fittexport.com\/ca\/avis-legal\/","url":"https:\/\/fittexport.com\/ca\/avis-legal\/","name":"Av\u00eds legal - Fittexport","isPartOf":{"@id":"https:\/\/fittexport.com\/ca\/#website"},"datePublished":"2024-06-12T15:06:23+00:00","dateModified":"2024-06-20T15:10:29+00:00","breadcrumb":{"@id":"https:\/\/fittexport.com\/ca\/avis-legal\/#breadcrumb"},"inLanguage":"ca","potentialAction":[{"@type":"ReadAction","target":["https:\/\/fittexport.com\/ca\/avis-legal\/"]}]},{"@type":"BreadcrumbList","@id":"https:\/\/fittexport.com\/ca\/avis-legal\/#breadcrumb","itemListElement":[{"@type":"ListItem","position":1,"name":"Portada","item":"https:\/\/fittexport.com\/ca\/"},{"@type":"ListItem","position":2,"name":"Av\u00eds legal"}]},{"@type":"WebSite","@id":"https:\/\/fittexport.com\/ca\/#website","url":"https:\/\/fittexport.com\/ca\/","name":"Fittexport","description":"Fabricando conexiones de acero desde 1982","publisher":{"@id":"https:\/\/fittexport.com\/ca\/#organization"},"alternateName":"Fittexport: fabricaci\u00f3n de conexiones de acero inoxidable","potentialAction":[{"@type":"SearchAction","target":{"@type":"EntryPoint","urlTemplate":"https:\/\/fittexport.com\/ca\/?s={search_term_string}"},"query-input":{"@type":"PropertyValueSpecification","valueRequired":true,"valueName":"search_term_string"}}],"inLanguage":"ca"},{"@type":"Organization","@id":"https:\/\/fittexport.com\/ca\/#organization","name":"Fittexport","alternateName":"Fittexport","url":"https:\/\/fittexport.com\/ca\/","logo":{"@type":"ImageObject","inLanguage":"ca","@id":"https:\/\/fittexport.com\/ca\/#\/schema\/logo\/image\/","url":"https:\/\/fittexport.com\/wp-content\/uploads\/2024\/05\/fittexport.png","contentUrl":"https:\/\/fittexport.com\/wp-content\/uploads\/2024\/05\/fittexport.png","width":597,"height":182,"caption":"Fittexport"},"image":{"@id":"https:\/\/fittexport.com\/ca\/#\/schema\/logo\/image\/"},"sameAs":["https:\/\/www.facebook.com\/fittexport","https:\/\/x.com\/fittexport","https:\/\/www.instagram.com\/fittexport","https:\/\/es.linkedin.com\/company\/fittexport-sa"]}]}},"_links":{"self":[{"href":"https:\/\/fittexport.com\/ca\/wp-json\/wp\/v2\/pages\/2050","targetHints":{"allow":["GET"]}}],"collection":[{"href":"https:\/\/fittexport.com\/ca\/wp-json\/wp\/v2\/pages"}],"about":[{"href":"https:\/\/fittexport.com\/ca\/wp-json\/wp\/v2\/types\/page"}],"author":[{"embeddable":true,"href":"https:\/\/fittexport.com\/ca\/wp-json\/wp\/v2\/users\/1"}],"replies":[{"embeddable":true,"href":"https:\/\/fittexport.com\/ca\/wp-json\/wp\/v2\/comments?post=2050"}],"version-history":[{"count":2,"href":"https:\/\/fittexport.com\/ca\/wp-json\/wp\/v2\/pages\/2050\/revisions"}],"predecessor-version":[{"id":2052,"href":"https:\/\/fittexport.com\/ca\/wp-json\/wp\/v2\/pages\/2050\/revisions\/2052"}],"wp:attachment":[{"href":"https:\/\/fittexport.com\/ca\/wp-json\/wp\/v2\/media?parent=2050"}],"curies":[{"name":"wp","href":"https:\/\/api.w.org\/{rel}","templated":true}]}}